{"id":693,"date":"2020-11-17T21:44:56","date_gmt":"2020-11-17T20:44:56","guid":{"rendered":"http:\/\/2020.stephaniesczepanek.de\/?page_id=693"},"modified":"2023-08-07T11:59:38","modified_gmt":"2023-08-07T09:59:38","slug":"impressum","status":"publish","type":"page","link":"http:\/\/stephaniesczepanek.de\/en\/impressum\/","title":{"rendered":"Site Notice"},"content":{"rendered":"<div data-elementor-type=\"wp-page\" data-elementor-id=\"693\" class=\"elementor elementor-693\" data-elementor-post-type=\"page\">\n\t\t\t\t\t\t<section class=\"elementor-section elementor-top-section elementor-element elementor-element-7d3250a elementor-section-boxed elementor-section-height-default elementor-section-height-default\" data-id=\"7d3250a\" data-element_type=\"section\" data-e-type=\"section\">\n\t\t\t\t\t\t<div class=\"elementor-container elementor-column-gap-default\">\n\t\t\t\t\t<div class=\"elementor-column elementor-col-100 elementor-top-column elementor-element elementor-element-6e26f40\" data-id=\"6e26f40\" data-element_type=\"column\" data-e-type=\"column\">\n\t\t\t<div class=\"elementor-widget-wrap elementor-element-populated\">\n\t\t\t\t\t\t<div class=\"elementor-element elementor-element-3b2fec8 elementor-widget elementor-widget-heading\" data-id=\"3b2fec8\" data-element_type=\"widget\" data-e-type=\"widget\" data-widget_type=\"heading.default\">\n\t\t\t\t<div class=\"elementor-widget-container\">\n\t\t\t\t\t<h2 class=\"elementor-heading-title elementor-size-default\">Site Notice<\/h2>\t\t\t\t<\/div>\n\t\t\t\t<\/div>\n\t\t\t\t\t<\/div>\n\t\t<\/div>\n\t\t\t\t\t<\/div>\n\t\t<\/section>\n\t\t\t\t<section class=\"elementor-section elementor-top-section elementor-element elementor-element-006a75a elementor-section-boxed elementor-section-height-default elementor-section-height-default\" data-id=\"006a75a\" data-element_type=\"section\" data-e-type=\"section\">\n\t\t\t\t\t\t<div class=\"elementor-container elementor-column-gap-default\">\n\t\t\t\t\t<div class=\"elementor-column elementor-col-100 elementor-top-column elementor-element elementor-element-5eb9032\" data-id=\"5eb9032\" data-element_type=\"column\" data-e-type=\"column\">\n\t\t\t<div class=\"elementor-widget-wrap elementor-element-populated\">\n\t\t\t\t\t\t<div class=\"elementor-element elementor-element-9e442ff elementor-widget elementor-widget-text-editor\" data-id=\"9e442ff\" data-element_type=\"widget\" data-e-type=\"widget\" data-widget_type=\"text-editor.default\">\n\t\t\t\t<div class=\"elementor-widget-container\">\n\t\t\t\t\t\t\t\t\t<h4>Information pursuant to Sect. 5 German Telemedia Act (TMG)<\/h4><p>Stephanie Sczepanek<br \/>Hafenweg 28<br \/>Atelier 4.7<br \/>48155 M\u00fcnster<\/p><p><strong>Contact<\/strong><\/p><p>Phone: 0176 22341184\u202c<br \/>E-Mail: mail@stephaniesczepanek.de<\/p><p><strong>Person responsible for editorial<\/strong><\/p><p>Stephanie Sczepanek<br \/>Hafenweg 28<br \/>Atelier 4.7<br \/>48155 M\u00fcnster<\/p><p><strong>Dispute resolution proceedings in front of a consumer arbitration board<\/strong><\/p><p>We are not willing or obliged to participate in dispute resolution proceedings in front of a consumer arbitration board.<\/p><p><strong>Urheberrecht<\/strong><\/p><p>Die durch die Seitenbetreiber erstellten Inhalte und Werke auf diesen Seiten unterliegen dem deutschen Urheberrecht. Die Vervielf\u00e4ltigung, Bearbeitung, Verbreitung und jede Art der Verwertung au\u00dferhalb der Grenzen des Urheberrechtes bed\u00fcrfen der schriftlichen Zustimmung des jeweiligen Autors bzw. Erstellers. Downloads und Kopien dieser Seite sind nur f\u00fcr den privaten, nicht kommerziellen Gebrauch gestattet.<\/p><p>Soweit die Inhalte auf dieser Seite nicht vom Betreiber erstellt wurden, werden die Urheberrechte Dritter beachtet. Insbesondere werden Inhalte Dritter als solche gekennzeichnet. Sollten Sie trotzdem auf eine Urheberrechtsverletzung aufmerksam werden, bitten wir um einen entsprechenden Hinweis. Bei Bekanntwerden von Rechtsverletzungen werden wir derartige Inhalte umgehend entfernen.<\/p>\t\t\t\t\t\t\t\t<\/div>\n\t\t\t\t<\/div>\n\t\t\t\t\t<\/div>\n\t\t<\/div>\n\t\t\t\t\t<\/div>\n\t\t<\/section>\n\t\t\t\t<\/div>","protected":false},"excerpt":{"rendered":"<p>Impressum Angaben gem\u00e4\u00df \u00a7 5 TMG Stephanie SczepanekHafenweg 28Atelier 4.748155 M\u00fcnster Kontakt Telefon: 0176 22341184\u202cE-Mail: mail@stephaniesczepanek.de Redaktionell verantwortlich Stephanie SczepanekHafenweg 28Atelier 4.748155 M\u00fcnster Verbraucher\u00adstreit\u00adbeilegung\/Universal\u00adschlichtungs\u00adstelle Wir sind nicht bereit oder verpflichtet, an Streitbeilegungsverfahren vor einer Verbraucherschlichtungsstelle teilzunehmen. Urheberrecht Die durch die Seitenbetreiber erstellten Inhalte und Werke auf diesen Seiten unterliegen dem deutschen Urheberrecht. Die Vervielf\u00e4ltigung, Bearbeitung, [&hellip;]<\/p>\n","protected":false},"author":1,"featured_media":0,"parent":0,"menu_order":0,"comment_status":"closed","ping_status":"closed","template":"elementor_theme","meta":{"footnotes":""},"class_list":["post-693","page","type-page","status-publish","hentry"],"yoast_head":"<!-- This site is optimized with the Yoast SEO plugin v27.4 - https:\/\/yoast.com\/product\/yoast-seo-wordpress\/ -->\n<title>Impressum - Stephanie Sczepanek<\/title>\n<meta name=\"robots\" content=\"index, follow, max-snippet:-1, max-image-preview:large, max-video-preview:-1\" \/>\n<link rel=\"canonical\" href=\"http:\/\/stephaniesczepanek.de\/en\/impressum\/\" \/>\n<meta property=\"og:locale\" content=\"en_US\" \/>\n<meta property=\"og:type\" content=\"article\" \/>\n<meta property=\"og:title\" content=\"Impressum - Stephanie Sczepanek\" \/>\n<meta property=\"og:description\" content=\"Impressum Angaben gem\u00e4\u00df \u00a7 5 TMG Stephanie SczepanekHafenweg 28Atelier 4.748155 M\u00fcnster Kontakt Telefon: 0176 22341184\u202cE-Mail: mail@stephaniesczepanek.de Redaktionell verantwortlich Stephanie SczepanekHafenweg 28Atelier 4.748155 M\u00fcnster Verbraucher\u00adstreit\u00adbeilegung\/Universal\u00adschlichtungs\u00adstelle Wir sind nicht bereit oder verpflichtet, an Streitbeilegungsverfahren vor einer Verbraucherschlichtungsstelle teilzunehmen. Urheberrecht Die durch die Seitenbetreiber erstellten Inhalte und Werke auf diesen Seiten unterliegen dem deutschen Urheberrecht. Die Vervielf\u00e4ltigung, Bearbeitung, [&hellip;]\" \/>\n<meta property=\"og:url\" content=\"http:\/\/stephaniesczepanek.de\/en\/impressum\/\" \/>\n<meta property=\"og:site_name\" content=\"Stephanie Sczepanek\" \/>\n<meta property=\"article:modified_time\" content=\"2023-08-07T09:59:38+00:00\" \/>\n<meta name=\"twitter:card\" content=\"summary_large_image\" \/>\n<meta name=\"twitter:label1\" content=\"Est. reading time\" \/>\n\t<meta name=\"twitter:data1\" content=\"1 minute\" \/>\n<script type=\"application\/ld+json\" class=\"yoast-schema-graph\">{\"@context\":\"https:\\\/\\\/schema.org\",\"@graph\":[{\"@type\":\"WebPage\",\"@id\":\"http:\\\/\\\/stephaniesczepanek.de\\\/impressum\\\/\",\"url\":\"http:\\\/\\\/stephaniesczepanek.de\\\/impressum\\\/\",\"name\":\"Impressum - Stephanie Sczepanek\",\"isPartOf\":{\"@id\":\"http:\\\/\\\/stephaniesczepanek.de\\\/#website\"},\"datePublished\":\"2020-11-17T20:44:56+00:00\",\"dateModified\":\"2023-08-07T09:59:38+00:00\",\"breadcrumb\":{\"@id\":\"http:\\\/\\\/stephaniesczepanek.de\\\/impressum\\\/#breadcrumb\"},\"inLanguage\":\"en-US\",\"potentialAction\":[{\"@type\":\"ReadAction\",\"target\":[\"http:\\\/\\\/stephaniesczepanek.de\\\/impressum\\\/\"]}]},{\"@type\":\"BreadcrumbList\",\"@id\":\"http:\\\/\\\/stephaniesczepanek.de\\\/impressum\\\/#breadcrumb\",\"itemListElement\":[{\"@type\":\"ListItem\",\"position\":1,\"name\":\"Startseite\",\"item\":\"http:\\\/\\\/stephaniesczepanek.de\\\/\"},{\"@type\":\"ListItem\",\"position\":2,\"name\":\"Impressum\"}]},{\"@type\":\"WebSite\",\"@id\":\"http:\\\/\\\/stephaniesczepanek.de\\\/#website\",\"url\":\"http:\\\/\\\/stephaniesczepanek.de\\\/\",\"name\":\"Stephanie Sczepanek\",\"description\":\"Kunst | Kunstvermittlung | Ver\u00f6ffentlichungen\",\"publisher\":{\"@id\":\"http:\\\/\\\/stephaniesczepanek.de\\\/#\\\/schema\\\/person\\\/e9ccf4bee3497ec70afae40311f0873b\"},\"potentialAction\":[{\"@type\":\"SearchAction\",\"target\":{\"@type\":\"EntryPoint\",\"urlTemplate\":\"http:\\\/\\\/stephaniesczepanek.de\\\/?s={search_term_string}\"},\"query-input\":{\"@type\":\"PropertyValueSpecification\",\"valueRequired\":true,\"valueName\":\"search_term_string\"}}],\"inLanguage\":\"en-US\"},{\"@type\":[\"Person\",\"Organization\"],\"@id\":\"http:\\\/\\\/stephaniesczepanek.de\\\/#\\\/schema\\\/person\\\/e9ccf4bee3497ec70afae40311f0873b\",\"name\":\"Stefka\",\"image\":{\"@type\":\"ImageObject\",\"inLanguage\":\"en-US\",\"@id\":\"http:\\\/\\\/stephaniesczepanek.de\\\/wp-content\\\/uploads\\\/2020\\\/08\\\/1.jpg\",\"url\":\"http:\\\/\\\/stephaniesczepanek.de\\\/wp-content\\\/uploads\\\/2020\\\/08\\\/1.jpg\",\"contentUrl\":\"http:\\\/\\\/stephaniesczepanek.de\\\/wp-content\\\/uploads\\\/2020\\\/08\\\/1.jpg\",\"width\":1600,\"height\":951,\"caption\":\"Stefka\"},\"logo\":{\"@id\":\"http:\\\/\\\/stephaniesczepanek.de\\\/wp-content\\\/uploads\\\/2020\\\/08\\\/1.jpg\"},\"sameAs\":[\"http:\\\/\\\/wp1170313.server-he.de\\\/stephaniesczepanek2020\",\"https:\\\/\\\/www.instagram.com\\\/stephanie_sczepanek\\\/\",\"https:\\\/\\\/consent.youtube.com\\\/m?continue=httpswww.youtube.comchannelUC6UJgQoSu0JMCgWfJagIqSQcbrd1&gl=DE&m=0&pc=yt&hl=de&src=1\"]}]}<\/script>\n<!-- \/ Yoast SEO plugin. -->","yoast_head_json":{"title":"Impressum - Stephanie Sczepanek","robots":{"index":"index","follow":"follow","max-snippet":"max-snippet:-1","max-image-preview":"max-image-preview:large","max-video-preview":"max-video-preview:-1"},"canonical":"http:\/\/stephaniesczepanek.de\/en\/impressum\/","og_locale":"en_US","og_type":"article","og_title":"Impressum - Stephanie Sczepanek","og_description":"Impressum Angaben gem\u00e4\u00df \u00a7 5 TMG Stephanie SczepanekHafenweg 28Atelier 4.748155 M\u00fcnster Kontakt Telefon: 0176 22341184\u202cE-Mail: mail@stephaniesczepanek.de Redaktionell verantwortlich Stephanie SczepanekHafenweg 28Atelier 4.748155 M\u00fcnster Verbraucher\u00adstreit\u00adbeilegung\/Universal\u00adschlichtungs\u00adstelle Wir sind nicht bereit oder verpflichtet, an Streitbeilegungsverfahren vor einer Verbraucherschlichtungsstelle teilzunehmen. Urheberrecht Die durch die Seitenbetreiber erstellten Inhalte und Werke auf diesen Seiten unterliegen dem deutschen Urheberrecht. Die Vervielf\u00e4ltigung, Bearbeitung, [&hellip;]","og_url":"http:\/\/stephaniesczepanek.de\/en\/impressum\/","og_site_name":"Stephanie Sczepanek","article_modified_time":"2023-08-07T09:59:38+00:00","twitter_card":"summary_large_image","twitter_misc":{"Est. reading time":"1 minute"},"schema":{"@context":"https:\/\/schema.org","@graph":[{"@type":"WebPage","@id":"http:\/\/stephaniesczepanek.de\/impressum\/","url":"http:\/\/stephaniesczepanek.de\/impressum\/","name":"Impressum - Stephanie Sczepanek","isPartOf":{"@id":"http:\/\/stephaniesczepanek.de\/#website"},"datePublished":"2020-11-17T20:44:56+00:00","dateModified":"2023-08-07T09:59:38+00:00","breadcrumb":{"@id":"http:\/\/stephaniesczepanek.de\/impressum\/#breadcrumb"},"inLanguage":"en-US","potentialAction":[{"@type":"ReadAction","target":["http:\/\/stephaniesczepanek.de\/impressum\/"]}]},{"@type":"BreadcrumbList","@id":"http:\/\/stephaniesczepanek.de\/impressum\/#breadcrumb","itemListElement":[{"@type":"ListItem","position":1,"name":"Startseite","item":"http:\/\/stephaniesczepanek.de\/"},{"@type":"ListItem","position":2,"name":"Impressum"}]},{"@type":"WebSite","@id":"http:\/\/stephaniesczepanek.de\/#website","url":"http:\/\/stephaniesczepanek.de\/","name":"Stephanie Sczepanek","description":"Kunst | Kunstvermittlung | Ver\u00f6ffentlichungen","publisher":{"@id":"http:\/\/stephaniesczepanek.de\/#\/schema\/person\/e9ccf4bee3497ec70afae40311f0873b"},"potentialAction":[{"@type":"SearchAction","target":{"@type":"EntryPoint","urlTemplate":"http:\/\/stephaniesczepanek.de\/?s={search_term_string}"},"query-input":{"@type":"PropertyValueSpecification","valueRequired":true,"valueName":"search_term_string"}}],"inLanguage":"en-US"},{"@type":["Person","Organization"],"@id":"http:\/\/stephaniesczepanek.de\/#\/schema\/person\/e9ccf4bee3497ec70afae40311f0873b","name":"Stefka","image":{"@type":"ImageObject","inLanguage":"en-US","@id":"http:\/\/stephaniesczepanek.de\/wp-content\/uploads\/2020\/08\/1.jpg","url":"http:\/\/stephaniesczepanek.de\/wp-content\/uploads\/2020\/08\/1.jpg","contentUrl":"http:\/\/stephaniesczepanek.de\/wp-content\/uploads\/2020\/08\/1.jpg","width":1600,"height":951,"caption":"Stefka"},"logo":{"@id":"http:\/\/stephaniesczepanek.de\/wp-content\/uploads\/2020\/08\/1.jpg"},"sameAs":["http:\/\/wp1170313.server-he.de\/stephaniesczepanek2020","https:\/\/www.instagram.com\/stephanie_sczepanek\/","https:\/\/consent.youtube.com\/m?continue=httpswww.youtube.comchannelUC6UJgQoSu0JMCgWfJagIqSQcbrd1&gl=DE&m=0&pc=yt&hl=de&src=1"]}]}},"_links":{"self":[{"href":"http:\/\/stephaniesczepanek.de\/en\/wp-json\/wp\/v2\/pages\/693","targetHints":{"allow":["GET"]}}],"collection":[{"href":"http:\/\/stephaniesczepanek.de\/en\/wp-json\/wp\/v2\/pages"}],"about":[{"href":"http:\/\/stephaniesczepanek.de\/en\/wp-json\/wp\/v2\/types\/page"}],"author":[{"embeddable":true,"href":"http:\/\/stephaniesczepanek.de\/en\/wp-json\/wp\/v2\/users\/1"}],"replies":[{"embeddable":true,"href":"http:\/\/stephaniesczepanek.de\/en\/wp-json\/wp\/v2\/comments?post=693"}],"version-history":[{"count":10,"href":"http:\/\/stephaniesczepanek.de\/en\/wp-json\/wp\/v2\/pages\/693\/revisions"}],"predecessor-version":[{"id":2213,"href":"http:\/\/stephaniesczepanek.de\/en\/wp-json\/wp\/v2\/pages\/693\/revisions\/2213"}],"wp:attachment":[{"href":"http:\/\/stephaniesczepanek.de\/en\/wp-json\/wp\/v2\/media?parent=693"}],"curies":[{"name":"wp","href":"https:\/\/api.w.org\/{rel}","templated":true}]}}