{"id":511,"date":"2020-09-28T19:41:23","date_gmt":"2020-09-28T17:41:23","guid":{"rendered":"http:\/\/2020.stephaniesczepanek.de\/?page_id=511"},"modified":"2023-01-15T21:07:53","modified_gmt":"2023-01-15T20:07:53","slug":"veroeffentlichungen","status":"publish","type":"page","link":"http:\/\/stephaniesczepanek.de\/en\/veroeffentlichungen\/","title":{"rendered":"PUBLICATIONS"},"content":{"rendered":"\t\t<div data-elementor-type=\"wp-page\" data-elementor-id=\"511\" class=\"elementor elementor-511\" data-elementor-post-type=\"page\">\n\t\t\t\t<div class=\"elementor-element elementor-element-e82ce0d e-flex e-con-boxed e-con e-parent\" data-id=\"e82ce0d\" data-element_type=\"container\" data-e-type=\"container\">\n\t\t\t\t\t<div class=\"e-con-inner\">\n\t\t\t\t<div class=\"elementor-element elementor-element-1fa2317 elementor-widget elementor-widget-heading\" data-id=\"1fa2317\" data-element_type=\"widget\" data-e-type=\"widget\" data-widget_type=\"heading.default\">\n\t\t\t\t<div class=\"elementor-widget-container\">\n\t\t\t\t\t<h2 class=\"elementor-heading-title elementor-size-default\">Ver\u00f6ffentlichungen<\/h2>\t\t\t\t<\/div>\n\t\t\t\t<\/div>\n\t\t\t\t<div class=\"elementor-element elementor-element-a25bf33 elementor-widget elementor-widget-text-editor\" data-id=\"a25bf33\" data-element_type=\"widget\" data-e-type=\"widget\" data-widget_type=\"text-editor.default\">\n\t\t\t\t<div class=\"elementor-widget-container\">\n\t\t\t\t\t\t\t\t\t<p>Texte zur Kunstwissenschaft und Kunstvermittlung<\/p>\t\t\t\t\t\t\t\t<\/div>\n\t\t\t\t<\/div>\n\t\t\t\t\t<\/div>\n\t\t\t\t<\/div>\n\t\t\t\t<section class=\"elementor-section elementor-top-section elementor-element elementor-element-2501e752 elementor-section-full_width elementor-section-height-default elementor-section-height-default\" data-id=\"2501e752\" data-element_type=\"section\" data-e-type=\"section\">\n\t\t\t\t\t\t<div class=\"elementor-container elementor-column-gap-default\">\n\t\t\t\t\t<div class=\"elementor-column elementor-col-50 elementor-top-column elementor-element elementor-element-5e2b5e31\" data-id=\"5e2b5e31\" data-element_type=\"column\" data-e-type=\"column\" data-settings=\"{&quot;background_background&quot;:&quot;slideshow&quot;,&quot;background_slideshow_gallery&quot;:[{&quot;id&quot;:393,&quot;url&quot;:&quot;http:\\\/\\\/stephaniesczepanek.de\\\/wp-content\\\/uploads\\\/2020\\\/09\\\/Tag-5.jpg&quot;}],&quot;background_slideshow_loop&quot;:&quot;yes&quot;,&quot;background_slideshow_slide_duration&quot;:5000,&quot;background_slideshow_slide_transition&quot;:&quot;fade&quot;,&quot;background_slideshow_transition_duration&quot;:500}\">\n\t\t\t<div class=\"elementor-widget-wrap\">\n\t\t\t\t\t\t\t<\/div>\n\t\t<\/div>\n\t\t\t\t<div class=\"elementor-column elementor-col-50 elementor-top-column elementor-element elementor-element-6cd3a361\" data-id=\"6cd3a361\" data-element_type=\"column\" data-e-type=\"column\">\n\t\t\t<div class=\"elementor-widget-wrap elementor-element-populated\">\n\t\t\t\t\t\t<div class=\"elementor-element elementor-element-5890e02b elementor-widget elementor-widget-heading\" data-id=\"5890e02b\" data-element_type=\"widget\" data-e-type=\"widget\" data-widget_type=\"heading.default\">\n\t\t\t\t<div class=\"elementor-widget-container\">\n\t\t\t\t\t<h2 class=\"elementor-heading-title elementor-size-default\">Ver\u00f6ffentlichungen<\/h2>\t\t\t\t<\/div>\n\t\t\t\t<\/div>\n\t\t\t\t<div class=\"elementor-element elementor-element-1354519 elementor-widget elementor-widget-text-editor\" data-id=\"1354519\" data-element_type=\"widget\" data-e-type=\"widget\" data-widget_type=\"text-editor.default\">\n\t\t\t\t<div class=\"elementor-widget-container\">\n\t\t\t\t\t\t\t\t\t<p>Sandra Pulina &amp; Stephanie Sczepanek: Landschaft wahrnehmen, inszenieren, archivieren. Von der Bedeutung der Rezeption von Landschaft in der Kunst der Gegenwart. In: Otto Modersohn Museum Tecklenburg (Hg.): KRYAL. Vom Verschwinden des Eises. Lena von Goedeke und Thomas Wrede (Kat. Musst., Otto Modersohn Museum Tecklenburg, 2022). Tecklenburg 2022, S. 7-8.<\/p><p>Stephanie Sczepanek: Lena von Goedeke \u2013 Arbeiten aus der Arktis. In: Otto Modersohn Museum Tecklenburg (Hg.): KRYAL. Vom Verschwinden des Eises. Lena von Goedeke und Thomas Wrede (Kat. Musst., Otto Modersohn Museum Tecklenburg, 2022). Tecklenburg 2022, S. 9-11.<\/p><p>Stephanie Sczepanek: Einf\u00fchrungstext zur Ausstellung. In: Stephanie Sczepanek (Hg.): Die Drossel singt, im Garten scheint der Mond. Javkhlan Ariunbold, J\u00f6rg Kratz und Simon Mehling. M\u00fcnster 2021.<\/p><p>Stephanie Sczepanek: Performativit\u00e4t als M\u00f6glichkeit der Erkundung und Reflexion der eigenen unbewussten Gestaltungsmacht.<br \/>In: Doris Wermelt\/ Britta Lauro\/ Ronja Ganssauge (Hg.): Projekt_FRIEDEN. M\u00fcnster 2018.<\/p><p>Stephanie Sczepanek: Performativit\u00e4t als M\u00f6glichkeit der Erkundung und Reflexion der eigenen unbewussten Gestaltungsmacht.<br \/>In: Doris Wermelt\/ Britta Lauro\/ Ronja Ganssauge (Hg.): projekt_FRIEDEN. M\u00fcnster 2018.<\/p><p>Stephanie Sczepanek: Linie, Fl\u00e4che und Proportion als Formen der zeichnerischen Aneignung: Die Camera Lucida als optisches<br \/>Zeichenhilfsmittel bei David Hockney. In: Ernst Seidl, Frank Steinheimer und Cornelia Weber (Hg.): Objektkulturen\u00a0der Sichtbarmachung. Instrumente und Praktiken. Berlin 2018.<\/p><p>Stephanie Sczepanek: Kunst als k\u00fcnstlerische Dokumentation. In: Birgit Engel\/ Ingrid Fisch\/ Stefan H\u00f6lscher\/ Anna-Lena\u00a0Treese (Hg.): VER_HANDELN. Begegnungen im \u00f6ffentlichen Raum der Kunst \u2013 Skulptur Projekte M\u00fcnster 2017. M\u00fcnchen\u00a02018, S. 142-149.<\/p><p>Stephanie Sczepanek: Anstiften zu \u00d6ffentlichkeit Vol. 2. \u2013 Ein Austausch \u00fcber Kunst, R\u00e4ume und ihre Vermittlung. In: Birgit\u00a0Engel\/ Ingrid Fisch\/ Stefan H\u00f6lscher\/ Anna-Lena Treese (Hg.): VER_HANDELN. Begegnungen im \u00f6ffentlichen Raum der\u00a0Kunst \u2013 Skulptur Projekte M\u00fcnster 2017. M\u00fcnchen 2018, S. 166-171.<\/p><p>Stephanie Sczepanek: VER_HANDELN. Begegnungen im \u00f6ffentlichen Raum der Kunst: Ein Kunstp\u00e4dagogisches Wochenende\u00a0in M\u00fcnster im Kontext der Skulptur Projekte 2017. In: BDK Mitteilungen 04\/2017<\/p><p>F.A.K. Ausstellungsprogramm 2010 ; Jonas Liver\u00f6d, Johanna Reich, Max Sudhues, Lilo Bauer ; [anl\u00e4sslich des Jahresprogramms\u00a02010 des F\u00f6rderverein Aktuelle Kunst (F.A.K.)], hrsg. von Anna Brohm, Maria Gerdwilker und Stephanie Sczepanek.\u00a0M\u00fcnster 2010.<\/p><p>Sczepanek, Stephanie: Daniela L\u00f6bbert. In: Jahresgaben 2008. WKV. M\u00fcnster 2008.<\/p><p>Sczepanek, Stephanie: Stephanie Sczepanek im Gespr\u00e4ch mit Andreas Siekmann. In: Skulptur Projekte M\u00fcnster: Vorspann.\u00a0K\u00f6ln 2007. S. 118-125.<\/p>\t\t\t\t\t\t\t\t<\/div>\n\t\t\t\t<\/div>\n\t\t\t\t\t<\/div>\n\t\t<\/div>\n\t\t\t\t\t<\/div>\n\t\t<\/section>\n\t\t\t\t<\/div>\n\t\t","protected":false},"excerpt":{"rendered":"<p>Ver\u00f6ffentlichungen Texte zur Kunstwissenschaft und Kunstvermittlung Ver\u00f6ffentlichungen Sandra Pulina &amp; Stephanie Sczepanek: Landschaft wahrnehmen, inszenieren, archivieren. Von der Bedeutung der Rezeption von Landschaft in der Kunst der Gegenwart. In: Otto Modersohn Museum Tecklenburg (Hg.): KRYAL. Vom Verschwinden des Eises. Lena von Goedeke und Thomas Wrede (Kat. Musst., Otto Modersohn Museum Tecklenburg, 2022). Tecklenburg 2022, S. [&hellip;]<\/p>\n","protected":false},"author":1,"featured_media":0,"parent":0,"menu_order":0,"comment_status":"closed","ping_status":"closed","template":"elementor_theme","meta":{"footnotes":""},"class_list":["post-511","page","type-page","status-publish","hentry"],"yoast_head":"<!-- This site is optimized with the Yoast SEO plugin v27.4 - https:\/\/yoast.com\/product\/yoast-seo-wordpress\/ -->\n<title>Ver\u00f6ffentlichungen - Stephanie Sczepanek<\/title>\n<meta name=\"robots\" content=\"index, follow, max-snippet:-1, max-image-preview:large, max-video-preview:-1\" \/>\n<link rel=\"canonical\" href=\"http:\/\/stephaniesczepanek.de\/en\/veroeffentlichungen\/\" \/>\n<meta property=\"og:locale\" content=\"en_US\" \/>\n<meta property=\"og:type\" content=\"article\" \/>\n<meta property=\"og:title\" content=\"Ver\u00f6ffentlichungen - Stephanie Sczepanek\" \/>\n<meta property=\"og:description\" content=\"Ver\u00f6ffentlichungen Texte zur Kunstwissenschaft und Kunstvermittlung Ver\u00f6ffentlichungen Sandra Pulina &amp; Stephanie Sczepanek: Landschaft wahrnehmen, inszenieren, archivieren. Von der Bedeutung der Rezeption von Landschaft in der Kunst der Gegenwart. In: Otto Modersohn Museum Tecklenburg (Hg.): KRYAL. Vom Verschwinden des Eises. Lena von Goedeke und Thomas Wrede (Kat. Musst., Otto Modersohn Museum Tecklenburg, 2022). Tecklenburg 2022, S. [&hellip;]\" \/>\n<meta property=\"og:url\" content=\"http:\/\/stephaniesczepanek.de\/en\/veroeffentlichungen\/\" \/>\n<meta property=\"og:site_name\" content=\"Stephanie Sczepanek\" \/>\n<meta property=\"article:modified_time\" content=\"2023-01-15T20:07:53+00:00\" \/>\n<meta name=\"twitter:card\" content=\"summary_large_image\" \/>\n<meta name=\"twitter:label1\" content=\"Est. reading time\" \/>\n\t<meta name=\"twitter:data1\" content=\"2 minutes\" \/>\n<script type=\"application\/ld+json\" class=\"yoast-schema-graph\">{\"@context\":\"https:\\\/\\\/schema.org\",\"@graph\":[{\"@type\":\"WebPage\",\"@id\":\"http:\\\/\\\/stephaniesczepanek.de\\\/en\\\/veroeffentlichungen\\\/\",\"url\":\"http:\\\/\\\/stephaniesczepanek.de\\\/en\\\/veroeffentlichungen\\\/\",\"name\":\"Ver\u00f6ffentlichungen - Stephanie Sczepanek\",\"isPartOf\":{\"@id\":\"http:\\\/\\\/stephaniesczepanek.de\\\/#website\"},\"datePublished\":\"2020-09-28T17:41:23+00:00\",\"dateModified\":\"2023-01-15T20:07:53+00:00\",\"breadcrumb\":{\"@id\":\"http:\\\/\\\/stephaniesczepanek.de\\\/en\\\/veroeffentlichungen\\\/#breadcrumb\"},\"inLanguage\":\"en-US\",\"potentialAction\":[{\"@type\":\"ReadAction\",\"target\":[\"http:\\\/\\\/stephaniesczepanek.de\\\/en\\\/veroeffentlichungen\\\/\"]}]},{\"@type\":\"BreadcrumbList\",\"@id\":\"http:\\\/\\\/stephaniesczepanek.de\\\/en\\\/veroeffentlichungen\\\/#breadcrumb\",\"itemListElement\":[{\"@type\":\"ListItem\",\"position\":1,\"name\":\"Startseite\",\"item\":\"http:\\\/\\\/stephaniesczepanek.de\\\/\"},{\"@type\":\"ListItem\",\"position\":2,\"name\":\"Ver\u00f6ffentlichungen\"}]},{\"@type\":\"WebSite\",\"@id\":\"http:\\\/\\\/stephaniesczepanek.de\\\/#website\",\"url\":\"http:\\\/\\\/stephaniesczepanek.de\\\/\",\"name\":\"Stephanie Sczepanek\",\"description\":\"Kunst | Kunstvermittlung | Ver\u00f6ffentlichungen\",\"publisher\":{\"@id\":\"http:\\\/\\\/stephaniesczepanek.de\\\/#\\\/schema\\\/person\\\/e9ccf4bee3497ec70afae40311f0873b\"},\"potentialAction\":[{\"@type\":\"SearchAction\",\"target\":{\"@type\":\"EntryPoint\",\"urlTemplate\":\"http:\\\/\\\/stephaniesczepanek.de\\\/?s={search_term_string}\"},\"query-input\":{\"@type\":\"PropertyValueSpecification\",\"valueRequired\":true,\"valueName\":\"search_term_string\"}}],\"inLanguage\":\"en-US\"},{\"@type\":[\"Person\",\"Organization\"],\"@id\":\"http:\\\/\\\/stephaniesczepanek.de\\\/#\\\/schema\\\/person\\\/e9ccf4bee3497ec70afae40311f0873b\",\"name\":\"Stefka\",\"image\":{\"@type\":\"ImageObject\",\"inLanguage\":\"en-US\",\"@id\":\"http:\\\/\\\/stephaniesczepanek.de\\\/wp-content\\\/uploads\\\/2020\\\/08\\\/1.jpg\",\"url\":\"http:\\\/\\\/stephaniesczepanek.de\\\/wp-content\\\/uploads\\\/2020\\\/08\\\/1.jpg\",\"contentUrl\":\"http:\\\/\\\/stephaniesczepanek.de\\\/wp-content\\\/uploads\\\/2020\\\/08\\\/1.jpg\",\"width\":1600,\"height\":951,\"caption\":\"Stefka\"},\"logo\":{\"@id\":\"http:\\\/\\\/stephaniesczepanek.de\\\/wp-content\\\/uploads\\\/2020\\\/08\\\/1.jpg\"},\"sameAs\":[\"http:\\\/\\\/wp1170313.server-he.de\\\/stephaniesczepanek2020\",\"https:\\\/\\\/www.instagram.com\\\/stephanie_sczepanek\\\/\",\"https:\\\/\\\/consent.youtube.com\\\/m?continue=httpswww.youtube.comchannelUC6UJgQoSu0JMCgWfJagIqSQcbrd1&gl=DE&m=0&pc=yt&hl=de&src=1\"]}]}<\/script>\n<!-- \/ Yoast SEO plugin. -->","yoast_head_json":{"title":"Ver\u00f6ffentlichungen - Stephanie Sczepanek","robots":{"index":"index","follow":"follow","max-snippet":"max-snippet:-1","max-image-preview":"max-image-preview:large","max-video-preview":"max-video-preview:-1"},"canonical":"http:\/\/stephaniesczepanek.de\/en\/veroeffentlichungen\/","og_locale":"en_US","og_type":"article","og_title":"Ver\u00f6ffentlichungen - Stephanie Sczepanek","og_description":"Ver\u00f6ffentlichungen Texte zur Kunstwissenschaft und Kunstvermittlung Ver\u00f6ffentlichungen Sandra Pulina &amp; Stephanie Sczepanek: Landschaft wahrnehmen, inszenieren, archivieren. Von der Bedeutung der Rezeption von Landschaft in der Kunst der Gegenwart. In: Otto Modersohn Museum Tecklenburg (Hg.): KRYAL. Vom Verschwinden des Eises. Lena von Goedeke und Thomas Wrede (Kat. Musst., Otto Modersohn Museum Tecklenburg, 2022). Tecklenburg 2022, S. [&hellip;]","og_url":"http:\/\/stephaniesczepanek.de\/en\/veroeffentlichungen\/","og_site_name":"Stephanie Sczepanek","article_modified_time":"2023-01-15T20:07:53+00:00","twitter_card":"summary_large_image","twitter_misc":{"Est. reading time":"2 minutes"},"schema":{"@context":"https:\/\/schema.org","@graph":[{"@type":"WebPage","@id":"http:\/\/stephaniesczepanek.de\/en\/veroeffentlichungen\/","url":"http:\/\/stephaniesczepanek.de\/en\/veroeffentlichungen\/","name":"Ver\u00f6ffentlichungen - Stephanie Sczepanek","isPartOf":{"@id":"http:\/\/stephaniesczepanek.de\/#website"},"datePublished":"2020-09-28T17:41:23+00:00","dateModified":"2023-01-15T20:07:53+00:00","breadcrumb":{"@id":"http:\/\/stephaniesczepanek.de\/en\/veroeffentlichungen\/#breadcrumb"},"inLanguage":"en-US","potentialAction":[{"@type":"ReadAction","target":["http:\/\/stephaniesczepanek.de\/en\/veroeffentlichungen\/"]}]},{"@type":"BreadcrumbList","@id":"http:\/\/stephaniesczepanek.de\/en\/veroeffentlichungen\/#breadcrumb","itemListElement":[{"@type":"ListItem","position":1,"name":"Startseite","item":"http:\/\/stephaniesczepanek.de\/"},{"@type":"ListItem","position":2,"name":"Ver\u00f6ffentlichungen"}]},{"@type":"WebSite","@id":"http:\/\/stephaniesczepanek.de\/#website","url":"http:\/\/stephaniesczepanek.de\/","name":"Stephanie Sczepanek","description":"Kunst | Kunstvermittlung | Ver\u00f6ffentlichungen","publisher":{"@id":"http:\/\/stephaniesczepanek.de\/#\/schema\/person\/e9ccf4bee3497ec70afae40311f0873b"},"potentialAction":[{"@type":"SearchAction","target":{"@type":"EntryPoint","urlTemplate":"http:\/\/stephaniesczepanek.de\/?s={search_term_string}"},"query-input":{"@type":"PropertyValueSpecification","valueRequired":true,"valueName":"search_term_string"}}],"inLanguage":"en-US"},{"@type":["Person","Organization"],"@id":"http:\/\/stephaniesczepanek.de\/#\/schema\/person\/e9ccf4bee3497ec70afae40311f0873b","name":"Stefka","image":{"@type":"ImageObject","inLanguage":"en-US","@id":"http:\/\/stephaniesczepanek.de\/wp-content\/uploads\/2020\/08\/1.jpg","url":"http:\/\/stephaniesczepanek.de\/wp-content\/uploads\/2020\/08\/1.jpg","contentUrl":"http:\/\/stephaniesczepanek.de\/wp-content\/uploads\/2020\/08\/1.jpg","width":1600,"height":951,"caption":"Stefka"},"logo":{"@id":"http:\/\/stephaniesczepanek.de\/wp-content\/uploads\/2020\/08\/1.jpg"},"sameAs":["http:\/\/wp1170313.server-he.de\/stephaniesczepanek2020","https:\/\/www.instagram.com\/stephanie_sczepanek\/","https:\/\/consent.youtube.com\/m?continue=httpswww.youtube.comchannelUC6UJgQoSu0JMCgWfJagIqSQcbrd1&gl=DE&m=0&pc=yt&hl=de&src=1"]}]}},"_links":{"self":[{"href":"http:\/\/stephaniesczepanek.de\/en\/wp-json\/wp\/v2\/pages\/511","targetHints":{"allow":["GET"]}}],"collection":[{"href":"http:\/\/stephaniesczepanek.de\/en\/wp-json\/wp\/v2\/pages"}],"about":[{"href":"http:\/\/stephaniesczepanek.de\/en\/wp-json\/wp\/v2\/types\/page"}],"author":[{"embeddable":true,"href":"http:\/\/stephaniesczepanek.de\/en\/wp-json\/wp\/v2\/users\/1"}],"replies":[{"embeddable":true,"href":"http:\/\/stephaniesczepanek.de\/en\/wp-json\/wp\/v2\/comments?post=511"}],"version-history":[{"count":9,"href":"http:\/\/stephaniesczepanek.de\/en\/wp-json\/wp\/v2\/pages\/511\/revisions"}],"predecessor-version":[{"id":2002,"href":"http:\/\/stephaniesczepanek.de\/en\/wp-json\/wp\/v2\/pages\/511\/revisions\/2002"}],"wp:attachment":[{"href":"http:\/\/stephaniesczepanek.de\/en\/wp-json\/wp\/v2\/media?parent=511"}],"curies":[{"name":"wp","href":"https:\/\/api.w.org\/{rel}","templated":true}]}}