{"id":1790,"date":"2023-01-15T19:26:18","date_gmt":"2023-01-15T18:26:18","guid":{"rendered":"http:\/\/stephaniesczepanek.de\/?page_id=1790"},"modified":"2023-01-15T20:55:03","modified_gmt":"2023-01-15T19:55:03","slug":"elementor-1790","status":"publish","type":"page","link":"http:\/\/stephaniesczepanek.de\/en\/elementor-1790\/","title":{"rendered":"KOLLEKTIVE"},"content":{"rendered":"\t\t<div data-elementor-type=\"wp-page\" data-elementor-id=\"1790\" class=\"elementor elementor-1790\" data-elementor-post-type=\"page\">\n\t\t\t\t<div class=\"elementor-element elementor-element-3277737c e-flex e-con-boxed e-con e-parent\" data-id=\"3277737c\" data-element_type=\"container\" data-e-type=\"container\">\n\t\t\t\t\t<div class=\"e-con-inner\">\n\t\t\t\t<div class=\"elementor-element elementor-element-34a61c3d elementor-widget elementor-widget-heading\" data-id=\"34a61c3d\" data-element_type=\"widget\" data-e-type=\"widget\" data-widget_type=\"heading.default\">\n\t\t\t\t<div class=\"elementor-widget-container\">\n\t\t\t\t\t<h2 class=\"elementor-heading-title elementor-size-default\">KUNST<\/h2>\t\t\t\t<\/div>\n\t\t\t\t<\/div>\n\t\t\t\t<div class=\"elementor-element elementor-element-325bd94a elementor-widget elementor-widget-text-editor\" data-id=\"325bd94a\" data-element_type=\"widget\" data-e-type=\"widget\" data-widget_type=\"text-editor.default\">\n\t\t\t\t<div class=\"elementor-widget-container\">\n\t\t\t\t\t\t\t\t\t<p style=\"font-weight: 400;\">Die meisten meiner Arbeiten sind performative Handlungen. Einfache Dinge, die sofort stattfinden k\u00f6nnen. Oft werden die Handlungen und Situationen nur durch kurze Texte dokumentiert. Einfache Handlungen, allt\u00e4gliche oder beil\u00e4ufige Gesten. Leichte Verschiebungen. Spontane Sofortma\u00dfnahmen, die in den normalen Lauf eingreifen. Eine bedeutungslose Ber\u00fchrung oder eine handfeste Verwicklung. Ein harmloses Wort oder eine Provokation. Es ist zu tun, was zu tun ist.<\/p><p style=\"font-weight: 400;\">Die entstandenen analogen und digitalen Teilwerke werden in der Augmented Reality zusammengef\u00fchrt, virtuelle Anteile mischen sich mit der realen Wirklichkeit. Das hei\u00dft, einzelne Arbeiten werden mittels der Augmented Reality durch Objekte, \u00dcberlagerungen oder Effekte erweitert und wieder in die reale Welt integriert. So k\u00f6nnen zum Beispiel direkt durch den Handybildschirm (mobiles AR) Elemente angezeigt werden, die sich auf die reale Umgebung legen. Dies l\u00e4sst im Zusammenspiel mit Konzepten der Performativit\u00e4t eine Form des digitalen Storytellings entstehen.<\/p><p style=\"font-weight: 400;\">Dabei spielen sowohl in der realen Welt als auch in der digitalen prozessorientierte Handlungen genauso eine wichtige Rolle wie Kooperation und Vernetzung. Die eigene k\u00fcnstlerische Praxis nehme ich dabei als Ausgangspunkt, wie ich selbst vermittelnd t\u00e4tig bin (k\u00fcnstlerischen Vermittlung).<\/p>\t\t\t\t\t\t\t\t<\/div>\n\t\t\t\t<\/div>\n\t\t\t\t\t<\/div>\n\t\t\t\t<\/div>\n\t\t\t\t<section class=\"elementor-section elementor-top-section elementor-element elementor-element-24f18c00 elementor-section-boxed elementor-section-height-default elementor-section-height-default\" data-id=\"24f18c00\" data-element_type=\"section\" data-e-type=\"section\">\n\t\t\t\t\t\t<div class=\"elementor-container elementor-column-gap-default\">\n\t\t\t\t\t<div class=\"elementor-column elementor-col-100 elementor-top-column elementor-element elementor-element-5b0006f8\" data-id=\"5b0006f8\" data-element_type=\"column\" data-e-type=\"column\">\n\t\t\t<div class=\"elementor-widget-wrap elementor-element-populated\">\n\t\t\t\t\t\t<div class=\"elementor-element elementor-element-2b7c4a69 elementor-widget-divider--view-line elementor-widget elementor-widget-divider\" data-id=\"2b7c4a69\" data-element_type=\"widget\" data-e-type=\"widget\" data-widget_type=\"divider.default\">\n\t\t\t\t<div class=\"elementor-widget-container\">\n\t\t\t\t\t\t\t<div class=\"elementor-divider\">\n\t\t\t<span class=\"elementor-divider-separator\">\n\t\t\t\t\t\t<\/span>\n\t\t<\/div>\n\t\t\t\t\t\t<\/div>\n\t\t\t\t<\/div>\n\t\t\t\t\t<\/div>\n\t\t<\/div>\n\t\t\t\t\t<\/div>\n\t\t<\/section>\n\t\t\t\t<section class=\"elementor-section elementor-top-section elementor-element elementor-element-1c65ef1d elementor-section-boxed elementor-section-height-default elementor-section-height-default\" data-id=\"1c65ef1d\" data-element_type=\"section\" data-e-type=\"section\">\n\t\t\t\t\t\t<div class=\"elementor-container elementor-column-gap-default\">\n\t\t\t\t\t<div class=\"elementor-column elementor-col-33 elementor-top-column elementor-element elementor-element-6690880d elementor-invisible\" data-id=\"6690880d\" data-element_type=\"column\" data-e-type=\"column\" data-settings=\"{&quot;animation&quot;:&quot;fadeIn&quot;}\">\n\t\t\t<div class=\"elementor-widget-wrap elementor-element-populated\">\n\t\t\t\t\t\t<div class=\"elementor-element elementor-element-11f0b60 animated-fast elementor-invisible elementor-widget elementor-widget-heading\" data-id=\"11f0b60\" data-element_type=\"widget\" data-e-type=\"widget\" data-settings=\"{&quot;sticky&quot;:&quot;top&quot;,&quot;sticky_parent&quot;:&quot;yes&quot;,&quot;_animation&quot;:&quot;slideInLeft&quot;,&quot;sticky_offset&quot;:249,&quot;sticky_on&quot;:[&quot;desktop&quot;,&quot;tablet&quot;,&quot;mobile&quot;],&quot;sticky_effects_offset&quot;:0,&quot;sticky_anchor_link_offset&quot;:0}\" data-widget_type=\"heading.default\">\n\t\t\t\t<div class=\"elementor-widget-container\">\n\t\t\t\t\t<h2 class=\"elementor-heading-title elementor-size-default\">KOLLEKTIVE<\/h2>\t\t\t\t<\/div>\n\t\t\t\t<\/div>\n\t\t\t\t\t<\/div>\n\t\t<\/div>\n\t\t\t\t<div class=\"elementor-column elementor-col-66 elementor-top-column elementor-element elementor-element-6cf0ae2a elementor-invisible\" data-id=\"6cf0ae2a\" data-element_type=\"column\" data-e-type=\"column\" data-settings=\"{&quot;animation&quot;:&quot;fadeIn&quot;}\">\n\t\t\t<div class=\"elementor-widget-wrap elementor-element-populated\">\n\t\t\t\t\t\t<section class=\"elementor-section elementor-inner-section elementor-element elementor-element-751cc08e elementor-section-boxed elementor-section-height-default elementor-section-height-default\" data-id=\"751cc08e\" data-element_type=\"section\" data-e-type=\"section\">\n\t\t\t\t\t\t<div class=\"elementor-container elementor-column-gap-default\">\n\t\t\t\t\t<div class=\"elementor-column elementor-col-50 elementor-inner-column elementor-element elementor-element-4c0c10e8\" data-id=\"4c0c10e8\" data-element_type=\"column\" data-e-type=\"column\">\n\t\t\t<div class=\"elementor-widget-wrap elementor-element-populated\">\n\t\t\t\t\t\t<div class=\"elementor-element elementor-element-49faf7f1 elementor-widget elementor-widget-heading\" data-id=\"49faf7f1\" data-element_type=\"widget\" data-e-type=\"widget\" id=\"Kollaboration\" data-widget_type=\"heading.default\">\n\t\t\t\t<div class=\"elementor-widget-container\">\n\t\t\t\t\t<h2 class=\"elementor-heading-title elementor-size-default\">Very Hart Times<\/h2>\t\t\t\t<\/div>\n\t\t\t\t<\/div>\n\t\t\t\t\t<\/div>\n\t\t<\/div>\n\t\t\t\t<div class=\"elementor-column elementor-col-50 elementor-inner-column elementor-element elementor-element-3ed61dbd\" data-id=\"3ed61dbd\" data-element_type=\"column\" data-e-type=\"column\">\n\t\t\t<div class=\"elementor-widget-wrap elementor-element-populated\">\n\t\t\t\t\t\t<div class=\"elementor-element elementor-element-1f2b6cae elementor-widget elementor-widget-text-editor\" data-id=\"1f2b6cae\" data-element_type=\"widget\" data-e-type=\"widget\" data-widget_type=\"text-editor.default\">\n\t\t\t\t<div class=\"elementor-widget-container\">\n\t\t\t\t\t\t\t\t\t<p>seit 2021<\/p>\t\t\t\t\t\t\t\t<\/div>\n\t\t\t\t<\/div>\n\t\t\t\t\t<\/div>\n\t\t<\/div>\n\t\t\t\t\t<\/div>\n\t\t<\/section>\n\t\t\t\t<section class=\"elementor-section elementor-inner-section elementor-element elementor-element-3224eafd elementor-section-boxed elementor-section-height-default elementor-section-height-default\" data-id=\"3224eafd\" data-element_type=\"section\" data-e-type=\"section\">\n\t\t\t\t\t\t<div class=\"elementor-container elementor-column-gap-default\">\n\t\t\t\t\t<div class=\"elementor-column elementor-col-100 elementor-inner-column elementor-element elementor-element-213caba3\" data-id=\"213caba3\" data-element_type=\"column\" data-e-type=\"column\">\n\t\t\t<div class=\"elementor-widget-wrap elementor-element-populated\">\n\t\t\t\t\t\t<div class=\"elementor-element elementor-element-194640b8 elementor-widget elementor-widget-text-editor\" data-id=\"194640b8\" data-element_type=\"widget\" data-e-type=\"widget\" data-widget_type=\"text-editor.default\">\n\t\t\t\t<div class=\"elementor-widget-container\">\n\t\t\t\t\t\t\t\t\t<div class=\"page\" title=\"Page 41\"><div class=\"layoutArea\"><div class=\"column\"><div class=\"page\" title=\"Page 51\"><div class=\"layoutArea\"><div class=\"column\"><p class=\"\">Mit\u00a0<span lang=\"IT\">Angel, Claire, Jason, Fin, Ferdinand, Patrique, Paolo, Sasha und Mari<\/span><span lang=\"NL\">\u00eb<\/span>lle<\/p><\/div><\/div><\/div><\/div><\/div><\/div>\t\t\t\t\t\t\t\t<\/div>\n\t\t\t\t<\/div>\n\t\t\t\t<div class=\"elementor-element elementor-element-27536f5 elementor-widget elementor-widget-text-editor\" data-id=\"27536f5\" data-element_type=\"widget\" data-e-type=\"widget\" data-widget_type=\"text-editor.default\">\n\t\t\t\t<div class=\"elementor-widget-container\">\n\t\t\t\t\t\t\t\t\t<div class=\"page\" title=\"Page 41\"><div class=\"layoutArea\"><div class=\"column\"><div class=\"page\" title=\"Page 51\"><div class=\"layoutArea\"><div class=\"column\"><p style=\"font-weight: 400;\">Very Hart Times ist eine experimentelle und satirisch \u00fcberspitzte, in der Kunstwelt verortete Web-Novela, die neben der Egozentrik der Protagonist:innen eine Beleuchtung des Kulturbetriebs zum Thema hat. Very Hart Times skizziert eine kritische Generation, die unf\u00e4hig ist Gegenvorschl\u00e4ge zu formulieren, sich g\u00e4nzlich auf sich selbst fokussiert.<\/p><p><a href=\"https:\/\/www.very-hart-times.com\">https:\/\/www.very-hart-times.com<\/a><\/p><\/div><\/div><\/div><\/div><\/div><\/div>\t\t\t\t\t\t\t\t<\/div>\n\t\t\t\t<\/div>\n\t\t\t\t\t<\/div>\n\t\t<\/div>\n\t\t\t\t\t<\/div>\n\t\t<\/section>\n\t\t\t\t<section class=\"elementor-section elementor-inner-section elementor-element elementor-element-65f759ef elementor-section-boxed elementor-section-height-default elementor-section-height-default\" data-id=\"65f759ef\" data-element_type=\"section\" data-e-type=\"section\" data-settings=\"{&quot;background_background&quot;:&quot;classic&quot;}\">\n\t\t\t\t\t\t<div class=\"elementor-container elementor-column-gap-default\">\n\t\t\t\t\t<div class=\"elementor-column elementor-col-100 elementor-inner-column elementor-element elementor-element-196cd73\" data-id=\"196cd73\" data-element_type=\"column\" data-e-type=\"column\" data-settings=\"{&quot;background_background&quot;:&quot;slideshow&quot;,&quot;background_slideshow_ken_burns&quot;:&quot;yes&quot;,&quot;background_slideshow_ken_burns_zoom_direction&quot;:&quot;out&quot;,&quot;background_slideshow_gallery&quot;:[],&quot;background_slideshow_loop&quot;:&quot;yes&quot;,&quot;background_slideshow_slide_duration&quot;:5000,&quot;background_slideshow_slide_transition&quot;:&quot;fade&quot;,&quot;background_slideshow_transition_duration&quot;:500}\">\n\t\t\t<div class=\"elementor-widget-wrap elementor-element-populated\">\n\t\t\t\t\t\t<div class=\"elementor-element elementor-element-1dbdab12 elementor-widget elementor-widget-image\" data-id=\"1dbdab12\" data-element_type=\"widget\" data-e-type=\"widget\" data-widget_type=\"image.default\">\n\t\t\t\t<div class=\"elementor-widget-container\">\n\t\t\t\t\t\t\t\t\t\t\t\t\t\t\t<img fetchpriority=\"high\" decoding=\"async\" width=\"470\" height=\"744\" src=\"http:\/\/stephaniesczepanek.de\/wp-content\/uploads\/2022\/08\/logo1.jpg\" class=\"attachment-large size-large wp-image-1329\" alt=\"\" srcset=\"http:\/\/stephaniesczepanek.de\/wp-content\/uploads\/2022\/08\/logo1.jpg 470w, http:\/\/stephaniesczepanek.de\/wp-content\/uploads\/2022\/08\/logo1-190x300.jpg 190w, http:\/\/stephaniesczepanek.de\/wp-content\/uploads\/2022\/08\/logo1-8x12.jpg 8w\" sizes=\"(max-width: 470px) 100vw, 470px\" \/>\t\t\t\t\t\t\t\t\t\t\t\t\t\t\t<\/div>\n\t\t\t\t<\/div>\n\t\t\t\t\t<\/div>\n\t\t<\/div>\n\t\t\t\t\t<\/div>\n\t\t<\/section>\n\t\t\t\t\t<\/div>\n\t\t<\/div>\n\t\t\t\t\t<\/div>\n\t\t<\/section>\n\t\t\t\t<\/div>\n\t\t","protected":false},"excerpt":{"rendered":"<p>KUNST Die meisten meiner Arbeiten sind performative Handlungen. Einfache Dinge, die sofort stattfinden k\u00f6nnen. Oft werden die Handlungen und Situationen nur durch kurze Texte dokumentiert. Einfache Handlungen, allt\u00e4gliche oder beil\u00e4ufige Gesten. Leichte Verschiebungen. Spontane Sofortma\u00dfnahmen, die in den normalen Lauf eingreifen. Eine bedeutungslose Ber\u00fchrung oder eine handfeste Verwicklung. Ein harmloses Wort oder eine Provokation. Es [&hellip;]<\/p>\n","protected":false},"author":1,"featured_media":0,"parent":0,"menu_order":0,"comment_status":"closed","ping_status":"closed","template":"elementor_theme","meta":{"footnotes":""},"class_list":["post-1790","page","type-page","status-publish","hentry"],"yoast_head":"<!-- This site is optimized with the Yoast SEO plugin v27.4 - https:\/\/yoast.com\/product\/yoast-seo-wordpress\/ -->\n<title>KOLLEKTIVE - Stephanie Sczepanek<\/title>\n<meta name=\"robots\" content=\"index, follow, max-snippet:-1, max-image-preview:large, max-video-preview:-1\" \/>\n<link rel=\"canonical\" href=\"http:\/\/stephaniesczepanek.de\/en\/elementor-1790\/\" \/>\n<meta property=\"og:locale\" content=\"en_US\" \/>\n<meta property=\"og:type\" content=\"article\" \/>\n<meta property=\"og:title\" content=\"KOLLEKTIVE - Stephanie Sczepanek\" \/>\n<meta property=\"og:description\" content=\"KUNST Die meisten meiner Arbeiten sind performative Handlungen. Einfache Dinge, die sofort stattfinden k\u00f6nnen. Oft werden die Handlungen und Situationen nur durch kurze Texte dokumentiert. Einfache Handlungen, allt\u00e4gliche oder beil\u00e4ufige Gesten. Leichte Verschiebungen. Spontane Sofortma\u00dfnahmen, die in den normalen Lauf eingreifen. Eine bedeutungslose Ber\u00fchrung oder eine handfeste Verwicklung. Ein harmloses Wort oder eine Provokation. Es [&hellip;]\" \/>\n<meta property=\"og:url\" content=\"http:\/\/stephaniesczepanek.de\/en\/elementor-1790\/\" \/>\n<meta property=\"og:site_name\" content=\"Stephanie Sczepanek\" \/>\n<meta property=\"article:modified_time\" content=\"2023-01-15T19:55:03+00:00\" \/>\n<meta property=\"og:image\" content=\"http:\/\/stephaniesczepanek.de\/wp-content\/uploads\/2022\/08\/logo1.jpg\" \/>\n<meta name=\"twitter:card\" content=\"summary_large_image\" \/>\n<meta name=\"twitter:label1\" content=\"Est. reading time\" \/>\n\t<meta name=\"twitter:data1\" content=\"2 minutes\" \/>\n<script type=\"application\/ld+json\" class=\"yoast-schema-graph\">{\"@context\":\"https:\\\/\\\/schema.org\",\"@graph\":[{\"@type\":\"WebPage\",\"@id\":\"http:\\\/\\\/stephaniesczepanek.de\\\/elementor-1790\\\/\",\"url\":\"http:\\\/\\\/stephaniesczepanek.de\\\/elementor-1790\\\/\",\"name\":\"KOLLEKTIVE - Stephanie Sczepanek\",\"isPartOf\":{\"@id\":\"http:\\\/\\\/stephaniesczepanek.de\\\/#website\"},\"primaryImageOfPage\":{\"@id\":\"http:\\\/\\\/stephaniesczepanek.de\\\/elementor-1790\\\/#primaryimage\"},\"image\":{\"@id\":\"http:\\\/\\\/stephaniesczepanek.de\\\/elementor-1790\\\/#primaryimage\"},\"thumbnailUrl\":\"http:\\\/\\\/stephaniesczepanek.de\\\/wp-content\\\/uploads\\\/2022\\\/08\\\/logo1.jpg\",\"datePublished\":\"2023-01-15T18:26:18+00:00\",\"dateModified\":\"2023-01-15T19:55:03+00:00\",\"breadcrumb\":{\"@id\":\"http:\\\/\\\/stephaniesczepanek.de\\\/elementor-1790\\\/#breadcrumb\"},\"inLanguage\":\"en-US\",\"potentialAction\":[{\"@type\":\"ReadAction\",\"target\":[\"http:\\\/\\\/stephaniesczepanek.de\\\/elementor-1790\\\/\"]}]},{\"@type\":\"ImageObject\",\"inLanguage\":\"en-US\",\"@id\":\"http:\\\/\\\/stephaniesczepanek.de\\\/elementor-1790\\\/#primaryimage\",\"url\":\"http:\\\/\\\/stephaniesczepanek.de\\\/wp-content\\\/uploads\\\/2022\\\/08\\\/logo1.jpg\",\"contentUrl\":\"http:\\\/\\\/stephaniesczepanek.de\\\/wp-content\\\/uploads\\\/2022\\\/08\\\/logo1.jpg\"},{\"@type\":\"BreadcrumbList\",\"@id\":\"http:\\\/\\\/stephaniesczepanek.de\\\/elementor-1790\\\/#breadcrumb\",\"itemListElement\":[{\"@type\":\"ListItem\",\"position\":1,\"name\":\"Startseite\",\"item\":\"http:\\\/\\\/stephaniesczepanek.de\\\/\"},{\"@type\":\"ListItem\",\"position\":2,\"name\":\"KOLLEKTIVE\"}]},{\"@type\":\"WebSite\",\"@id\":\"http:\\\/\\\/stephaniesczepanek.de\\\/#website\",\"url\":\"http:\\\/\\\/stephaniesczepanek.de\\\/\",\"name\":\"Stephanie Sczepanek\",\"description\":\"Kunst | Kunstvermittlung | Ver\u00f6ffentlichungen\",\"publisher\":{\"@id\":\"http:\\\/\\\/stephaniesczepanek.de\\\/#\\\/schema\\\/person\\\/e9ccf4bee3497ec70afae40311f0873b\"},\"potentialAction\":[{\"@type\":\"SearchAction\",\"target\":{\"@type\":\"EntryPoint\",\"urlTemplate\":\"http:\\\/\\\/stephaniesczepanek.de\\\/?s={search_term_string}\"},\"query-input\":{\"@type\":\"PropertyValueSpecification\",\"valueRequired\":true,\"valueName\":\"search_term_string\"}}],\"inLanguage\":\"en-US\"},{\"@type\":[\"Person\",\"Organization\"],\"@id\":\"http:\\\/\\\/stephaniesczepanek.de\\\/#\\\/schema\\\/person\\\/e9ccf4bee3497ec70afae40311f0873b\",\"name\":\"Stefka\",\"image\":{\"@type\":\"ImageObject\",\"inLanguage\":\"en-US\",\"@id\":\"http:\\\/\\\/stephaniesczepanek.de\\\/wp-content\\\/uploads\\\/2020\\\/08\\\/1.jpg\",\"url\":\"http:\\\/\\\/stephaniesczepanek.de\\\/wp-content\\\/uploads\\\/2020\\\/08\\\/1.jpg\",\"contentUrl\":\"http:\\\/\\\/stephaniesczepanek.de\\\/wp-content\\\/uploads\\\/2020\\\/08\\\/1.jpg\",\"width\":1600,\"height\":951,\"caption\":\"Stefka\"},\"logo\":{\"@id\":\"http:\\\/\\\/stephaniesczepanek.de\\\/wp-content\\\/uploads\\\/2020\\\/08\\\/1.jpg\"},\"sameAs\":[\"http:\\\/\\\/wp1170313.server-he.de\\\/stephaniesczepanek2020\",\"https:\\\/\\\/www.instagram.com\\\/stephanie_sczepanek\\\/\",\"https:\\\/\\\/consent.youtube.com\\\/m?continue=httpswww.youtube.comchannelUC6UJgQoSu0JMCgWfJagIqSQcbrd1&gl=DE&m=0&pc=yt&hl=de&src=1\"]}]}<\/script>\n<!-- \/ Yoast SEO plugin. -->","yoast_head_json":{"title":"KOLLEKTIVE - Stephanie Sczepanek","robots":{"index":"index","follow":"follow","max-snippet":"max-snippet:-1","max-image-preview":"max-image-preview:large","max-video-preview":"max-video-preview:-1"},"canonical":"http:\/\/stephaniesczepanek.de\/en\/elementor-1790\/","og_locale":"en_US","og_type":"article","og_title":"KOLLEKTIVE - Stephanie Sczepanek","og_description":"KUNST Die meisten meiner Arbeiten sind performative Handlungen. Einfache Dinge, die sofort stattfinden k\u00f6nnen. Oft werden die Handlungen und Situationen nur durch kurze Texte dokumentiert. Einfache Handlungen, allt\u00e4gliche oder beil\u00e4ufige Gesten. Leichte Verschiebungen. Spontane Sofortma\u00dfnahmen, die in den normalen Lauf eingreifen. Eine bedeutungslose Ber\u00fchrung oder eine handfeste Verwicklung. Ein harmloses Wort oder eine Provokation. Es [&hellip;]","og_url":"http:\/\/stephaniesczepanek.de\/en\/elementor-1790\/","og_site_name":"Stephanie Sczepanek","article_modified_time":"2023-01-15T19:55:03+00:00","og_image":[{"url":"http:\/\/stephaniesczepanek.de\/wp-content\/uploads\/2022\/08\/logo1.jpg","type":"","width":"","height":""}],"twitter_card":"summary_large_image","twitter_misc":{"Est. reading time":"2 minutes"},"schema":{"@context":"https:\/\/schema.org","@graph":[{"@type":"WebPage","@id":"http:\/\/stephaniesczepanek.de\/elementor-1790\/","url":"http:\/\/stephaniesczepanek.de\/elementor-1790\/","name":"KOLLEKTIVE - Stephanie Sczepanek","isPartOf":{"@id":"http:\/\/stephaniesczepanek.de\/#website"},"primaryImageOfPage":{"@id":"http:\/\/stephaniesczepanek.de\/elementor-1790\/#primaryimage"},"image":{"@id":"http:\/\/stephaniesczepanek.de\/elementor-1790\/#primaryimage"},"thumbnailUrl":"http:\/\/stephaniesczepanek.de\/wp-content\/uploads\/2022\/08\/logo1.jpg","datePublished":"2023-01-15T18:26:18+00:00","dateModified":"2023-01-15T19:55:03+00:00","breadcrumb":{"@id":"http:\/\/stephaniesczepanek.de\/elementor-1790\/#breadcrumb"},"inLanguage":"en-US","potentialAction":[{"@type":"ReadAction","target":["http:\/\/stephaniesczepanek.de\/elementor-1790\/"]}]},{"@type":"ImageObject","inLanguage":"en-US","@id":"http:\/\/stephaniesczepanek.de\/elementor-1790\/#primaryimage","url":"http:\/\/stephaniesczepanek.de\/wp-content\/uploads\/2022\/08\/logo1.jpg","contentUrl":"http:\/\/stephaniesczepanek.de\/wp-content\/uploads\/2022\/08\/logo1.jpg"},{"@type":"BreadcrumbList","@id":"http:\/\/stephaniesczepanek.de\/elementor-1790\/#breadcrumb","itemListElement":[{"@type":"ListItem","position":1,"name":"Startseite","item":"http:\/\/stephaniesczepanek.de\/"},{"@type":"ListItem","position":2,"name":"KOLLEKTIVE"}]},{"@type":"WebSite","@id":"http:\/\/stephaniesczepanek.de\/#website","url":"http:\/\/stephaniesczepanek.de\/","name":"Stephanie Sczepanek","description":"Kunst | Kunstvermittlung | Ver\u00f6ffentlichungen","publisher":{"@id":"http:\/\/stephaniesczepanek.de\/#\/schema\/person\/e9ccf4bee3497ec70afae40311f0873b"},"potentialAction":[{"@type":"SearchAction","target":{"@type":"EntryPoint","urlTemplate":"http:\/\/stephaniesczepanek.de\/?s={search_term_string}"},"query-input":{"@type":"PropertyValueSpecification","valueRequired":true,"valueName":"search_term_string"}}],"inLanguage":"en-US"},{"@type":["Person","Organization"],"@id":"http:\/\/stephaniesczepanek.de\/#\/schema\/person\/e9ccf4bee3497ec70afae40311f0873b","name":"Stefka","image":{"@type":"ImageObject","inLanguage":"en-US","@id":"http:\/\/stephaniesczepanek.de\/wp-content\/uploads\/2020\/08\/1.jpg","url":"http:\/\/stephaniesczepanek.de\/wp-content\/uploads\/2020\/08\/1.jpg","contentUrl":"http:\/\/stephaniesczepanek.de\/wp-content\/uploads\/2020\/08\/1.jpg","width":1600,"height":951,"caption":"Stefka"},"logo":{"@id":"http:\/\/stephaniesczepanek.de\/wp-content\/uploads\/2020\/08\/1.jpg"},"sameAs":["http:\/\/wp1170313.server-he.de\/stephaniesczepanek2020","https:\/\/www.instagram.com\/stephanie_sczepanek\/","https:\/\/consent.youtube.com\/m?continue=httpswww.youtube.comchannelUC6UJgQoSu0JMCgWfJagIqSQcbrd1&gl=DE&m=0&pc=yt&hl=de&src=1"]}]}},"_links":{"self":[{"href":"http:\/\/stephaniesczepanek.de\/en\/wp-json\/wp\/v2\/pages\/1790","targetHints":{"allow":["GET"]}}],"collection":[{"href":"http:\/\/stephaniesczepanek.de\/en\/wp-json\/wp\/v2\/pages"}],"about":[{"href":"http:\/\/stephaniesczepanek.de\/en\/wp-json\/wp\/v2\/types\/page"}],"author":[{"embeddable":true,"href":"http:\/\/stephaniesczepanek.de\/en\/wp-json\/wp\/v2\/users\/1"}],"replies":[{"embeddable":true,"href":"http:\/\/stephaniesczepanek.de\/en\/wp-json\/wp\/v2\/comments?post=1790"}],"version-history":[{"count":14,"href":"http:\/\/stephaniesczepanek.de\/en\/wp-json\/wp\/v2\/pages\/1790\/revisions"}],"predecessor-version":[{"id":1965,"href":"http:\/\/stephaniesczepanek.de\/en\/wp-json\/wp\/v2\/pages\/1790\/revisions\/1965"}],"wp:attachment":[{"href":"http:\/\/stephaniesczepanek.de\/en\/wp-json\/wp\/v2\/media?parent=1790"}],"curies":[{"name":"wp","href":"https:\/\/api.w.org\/{rel}","templated":true}]}}