{"id":1520,"date":"2022-12-29T20:41:27","date_gmt":"2022-12-29T19:41:27","guid":{"rendered":"http:\/\/2020.stephaniesczepanek.de\/?page_id=1520"},"modified":"2023-01-09T20:11:55","modified_gmt":"2023-01-09T19:11:55","slug":"archive","status":"publish","type":"page","link":"http:\/\/stephaniesczepanek.de\/en\/archive\/","title":{"rendered":"Archiv"},"content":{"rendered":"\t\t<div data-elementor-type=\"wp-page\" data-elementor-id=\"1520\" class=\"elementor elementor-1520\" data-elementor-post-type=\"page\">\n\t\t\t\t\t\t<section class=\"elementor-section elementor-top-section elementor-element elementor-element-59543511 elementor-section-full_width elementor-section-height-min-height elementor-section-height-default elementor-section-items-middle\" data-id=\"59543511\" data-element_type=\"section\" data-e-type=\"section\" data-settings=\"{&quot;sticky&quot;:&quot;top&quot;,&quot;background_background&quot;:&quot;classic&quot;,&quot;sticky_on&quot;:[&quot;desktop&quot;,&quot;tablet&quot;,&quot;mobile&quot;],&quot;sticky_offset&quot;:0,&quot;sticky_effects_offset&quot;:0,&quot;sticky_anchor_link_offset&quot;:0}\">\n\t\t\t\t\t\t<div class=\"elementor-container elementor-column-gap-default\">\n\t\t\t\t\t<div class=\"elementor-column elementor-col-50 elementor-top-column elementor-element elementor-element-5725a84f\" data-id=\"5725a84f\" data-element_type=\"column\" data-e-type=\"column\">\n\t\t\t<div class=\"elementor-widget-wrap elementor-element-populated\">\n\t\t\t\t\t\t<div class=\"elementor-element elementor-element-55c1082b elementor-widget__width-auto elementor-widget elementor-widget-heading\" data-id=\"55c1082b\" data-element_type=\"widget\" data-e-type=\"widget\" data-widget_type=\"heading.default\">\n\t\t\t\t<div class=\"elementor-widget-container\">\n\t\t\t\t\t<h2 class=\"elementor-heading-title elementor-size-default\"><a href=\"http:\/\/stephaniesczepanek.de\/en\">stephanie sczepanek<\/a><\/h2>\t\t\t\t<\/div>\n\t\t\t\t<\/div>\n\t\t\t\t<div class=\"elementor-element elementor-element-45d72fb4 elementor-icon-list--layout-inline elementor-align-start elementor-widget__width-auto elementor-hidden-phone elementor-list-item-link-full_width elementor-widget elementor-widget-global elementor-global-945 elementor-widget-icon-list\" data-id=\"45d72fb4\" data-element_type=\"widget\" data-e-type=\"widget\" data-widget_type=\"icon-list.default\">\n\t\t\t\t<div class=\"elementor-widget-container\">\n\t\t\t\t\t\t\t<ul class=\"elementor-icon-list-items elementor-inline-items\">\n\t\t\t\t\t\t\t<li class=\"elementor-icon-list-item elementor-inline-item\">\n\t\t\t\t\t\t\t\t\t\t\t<a href=\"https:\/\/www.instagram.com\/stephanie_sczepanek\/\">\n\n\t\t\t\t\t\t\t\t\t\t\t\t<span class=\"elementor-icon-list-icon\">\n\t\t\t\t\t\t\t<i aria-hidden=\"true\" class=\"fab fa-instagram\"><\/i>\t\t\t\t\t\t<\/span>\n\t\t\t\t\t\t\t\t\t\t<span class=\"elementor-icon-list-text\"><\/span>\n\t\t\t\t\t\t\t\t\t\t\t<\/a>\n\t\t\t\t\t\t\t\t\t<\/li>\n\t\t\t\t\t\t\t\t<li class=\"elementor-icon-list-item elementor-inline-item\">\n\t\t\t\t\t\t\t\t\t\t\t<a href=\"https:\/\/vimeo.com\/user88170912\">\n\n\t\t\t\t\t\t\t\t\t\t\t\t<span class=\"elementor-icon-list-icon\">\n\t\t\t\t\t\t\t<i aria-hidden=\"true\" class=\"fab fa-vimeo-v\"><\/i>\t\t\t\t\t\t<\/span>\n\t\t\t\t\t\t\t\t\t\t<span class=\"elementor-icon-list-text\"><\/span>\n\t\t\t\t\t\t\t\t\t\t\t<\/a>\n\t\t\t\t\t\t\t\t\t<\/li>\n\t\t\t\t\t\t\t\t<li class=\"elementor-icon-list-item elementor-inline-item\">\n\t\t\t\t\t\t\t\t\t\t\t<a href=\"https:\/\/www.youtube.com\/channel\/UC6UJgQoSu0JMCgWfJagIqSQ\">\n\n\t\t\t\t\t\t\t\t\t\t\t\t<span class=\"elementor-icon-list-icon\">\n\t\t\t\t\t\t\t<i aria-hidden=\"true\" class=\"fab fa-youtube\"><\/i>\t\t\t\t\t\t<\/span>\n\t\t\t\t\t\t\t\t\t\t<span class=\"elementor-icon-list-text\"><\/span>\n\t\t\t\t\t\t\t\t\t\t\t<\/a>\n\t\t\t\t\t\t\t\t\t<\/li>\n\t\t\t\t\t\t\t\t<li class=\"elementor-icon-list-item elementor-inline-item\">\n\t\t\t\t\t\t\t\t\t\t\t<a href=\"https:\/\/www.tiktok.com\/@stephaniesczepanek?lang=de-DE\">\n\n\t\t\t\t\t\t\t\t\t\t\t\t<span class=\"elementor-icon-list-icon\">\n\t\t\t\t\t\t\t<i aria-hidden=\"true\" class=\"icon icon-tiktok\"><\/i>\t\t\t\t\t\t<\/span>\n\t\t\t\t\t\t\t\t\t\t<span class=\"elementor-icon-list-text\"><\/span>\n\t\t\t\t\t\t\t\t\t\t\t<\/a>\n\t\t\t\t\t\t\t\t\t<\/li>\n\t\t\t\t\t\t<\/ul>\n\t\t\t\t\t\t<\/div>\n\t\t\t\t<\/div>\n\t\t\t\t\t<\/div>\n\t\t<\/div>\n\t\t\t\t<div class=\"elementor-column elementor-col-50 elementor-top-column elementor-element elementor-element-540df8a3\" data-id=\"540df8a3\" data-element_type=\"column\" data-e-type=\"column\">\n\t\t\t<div class=\"elementor-widget-wrap elementor-element-populated\">\n\t\t\t\t\t\t<div class=\"elementor-element elementor-element-5a7fd9ab elementor-widget__width-auto elementor-hidden-phone elementor-widget elementor-widget-text-editor\" data-id=\"5a7fd9ab\" data-element_type=\"widget\" data-e-type=\"widget\" data-widget_type=\"text-editor.default\">\n\t\t\t\t<div class=\"elementor-widget-container\">\n\t\t\t\t\t\t\t\t\t <div class=\"trp_language_switcher_shortcode\">\n<div class=\"trp-language-switcher trp-language-switcher-container\" data-no-translation >\n    <div class=\"trp-ls-shortcode-current-language\">\n        <a href=\"#\" class=\"trp-ls-shortcode-disabled-language trp-ls-disabled-language\" title=\"English\" onclick=\"event.preventDefault()\">\n\t\t\t<img decoding=\"async\" class=\"trp-flag-image\" src=\"http:\/\/stephaniesczepanek.de\/wp-content\/plugins\/translatepress-multilingual\/assets\/images\/flags\/en_US.png\" width=\"18\" height=\"12\" alt=\"en_US\" title=\"English\"> \t\t<\/a>\n    <\/div>\n    <div class=\"trp-ls-shortcode-language\">\n                <a href=\"#\" class=\"trp-ls-shortcode-disabled-language trp-ls-disabled-language\"  title=\"English\" onclick=\"event.preventDefault()\">\n\t\t\t<img decoding=\"async\" class=\"trp-flag-image\" src=\"http:\/\/stephaniesczepanek.de\/wp-content\/plugins\/translatepress-multilingual\/assets\/images\/flags\/en_US.png\" width=\"18\" height=\"12\" alt=\"en_US\" title=\"English\"> \t\t<\/a>\n                    <a href=\"http:\/\/stephaniesczepanek.de\/en\/wp-json\/wp\/v2\/pages\/1520#TRPLINKPROCESSED\" title=\"German\">\n            <img decoding=\"async\" class=\"trp-flag-image\" src=\"http:\/\/stephaniesczepanek.de\/wp-content\/plugins\/translatepress-multilingual\/assets\/images\/flags\/de_DE.png\" width=\"18\" height=\"12\" alt=\"de_DE\" title=\"German\">         <\/a>\n\n        <\/div>\n    <script type=\"application\/javascript\">\n        \/\/ need to have the same with set from JS on both divs. Otherwise it can push stuff around in HTML\n        var trp_ls_shortcodes = document.querySelectorAll('.trp_language_switcher_shortcode .trp-language-switcher');\n        if ( trp_ls_shortcodes.length > 0) {\n            \/\/ get the last language switcher added\n            var trp_el = trp_ls_shortcodes[trp_ls_shortcodes.length - 1];\n\n            var trp_shortcode_language_item = trp_el.querySelector( '.trp-ls-shortcode-language' )\n            \/\/ set width\n            var trp_ls_shortcode_width                                               = trp_shortcode_language_item.offsetWidth + 16;\n            trp_shortcode_language_item.style.width                                  = trp_ls_shortcode_width + 'px';\n            trp_el.querySelector( '.trp-ls-shortcode-current-language' ).style.width = trp_ls_shortcode_width + 'px';\n\n            \/\/ We're putting this on display: none after we have its width.\n            trp_shortcode_language_item.style.display = 'none';\n        }\n    <\/script>\n<\/div>\n<\/div>\t\t\t\t\t\t\t\t<\/div>\n\t\t\t\t<\/div>\n\t\t\t\t<div class=\"elementor-element elementor-element-68fa4bb1 elementor-widget__width-auto elementor-view-default elementor-widget elementor-widget-icon\" data-id=\"68fa4bb1\" data-element_type=\"widget\" data-e-type=\"widget\" data-widget_type=\"icon.default\">\n\t\t\t\t<div class=\"elementor-widget-container\">\n\t\t\t\t\t\t\t<div class=\"elementor-icon-wrapper\">\n\t\t\t<a class=\"elementor-icon\" href=\"#elementor-action%3Aaction%3Dpopup%3Aopen%26settings%3DeyJpZCI6IjU3IiwidG9nZ2xlIjp0cnVlfQ%3D%3D\">\n\t\t\t<i aria-hidden=\"true\" class=\"fas fa-bars\"><\/i>\t\t\t<\/a>\n\t\t<\/div>\n\t\t\t\t\t\t<\/div>\n\t\t\t\t<\/div>\n\t\t\t\t<div class=\"elementor-element elementor-element-3b23b58c elementor-widget__width-auto elementor-view-default elementor-widget elementor-widget-icon\" data-id=\"3b23b58c\" data-element_type=\"widget\" data-e-type=\"widget\" data-widget_type=\"icon.default\">\n\t\t\t\t<div class=\"elementor-widget-container\">\n\t\t\t\t\t\t\t<div class=\"elementor-icon-wrapper\">\n\t\t\t<a class=\"elementor-icon\" href=\"#elementor-action%3Aaction%3Dpopup%3Aopen%26settings%3DeyJpZCI6IjU3IiwidG9nZ2xlIjpmYWxzZX0%3D\">\n\t\t\t\t\t\t<\/a>\n\t\t<\/div>\n\t\t\t\t\t\t<\/div>\n\t\t\t\t<\/div>\n\t\t\t\t\t<\/div>\n\t\t<\/div>\n\t\t\t\t\t<\/div>\n\t\t<\/section>\n\t\t<div class=\"elementor-element elementor-element-f7e0dcb e-flex e-con-boxed e-con e-parent\" data-id=\"f7e0dcb\" data-element_type=\"container\" data-e-type=\"container\">\n\t\t\t\t\t<div class=\"e-con-inner\">\n\t\t\t\t<div class=\"elementor-element elementor-element-505bd1b elementor-widget elementor-widget-heading\" data-id=\"505bd1b\" data-element_type=\"widget\" data-e-type=\"widget\" data-widget_type=\"heading.default\">\n\t\t\t\t<div class=\"elementor-widget-container\">\n\t\t\t\t\t<h2 class=\"elementor-heading-title elementor-size-default\">ARCHIV<\/h2>\t\t\t\t<\/div>\n\t\t\t\t<\/div>\n\t\t\t\t<div class=\"elementor-element elementor-element-cab7306 elementor-posts--thumbnail-none elementor-grid-3 elementor-grid-tablet-2 elementor-grid-mobile-1 elementor-widget elementor-widget-posts\" data-id=\"cab7306\" data-element_type=\"widget\" data-e-type=\"widget\" data-settings=\"{&quot;classic_columns&quot;:&quot;3&quot;,&quot;classic_columns_tablet&quot;:&quot;2&quot;,&quot;classic_columns_mobile&quot;:&quot;1&quot;,&quot;classic_row_gap&quot;:{&quot;unit&quot;:&quot;px&quot;,&quot;size&quot;:35,&quot;sizes&quot;:[]},&quot;classic_row_gap_tablet&quot;:{&quot;unit&quot;:&quot;px&quot;,&quot;size&quot;:&quot;&quot;,&quot;sizes&quot;:[]},&quot;classic_row_gap_mobile&quot;:{&quot;unit&quot;:&quot;px&quot;,&quot;size&quot;:&quot;&quot;,&quot;sizes&quot;:[]}}\" data-widget_type=\"posts.classic\">\n\t\t\t\t<div class=\"elementor-widget-container\">\n\t\t\t\t\t\t\t<div class=\"elementor-posts-container elementor-posts elementor-posts--skin-classic elementor-grid\" role=\"list\">\n\t\t\t\t<article class=\"elementor-post elementor-grid-item post-1180 post type-post status-publish format-standard hentry category-archiv category-workshops-archiv\" role=\"listitem\">\n\t\t\t\t<div class=\"elementor-post__text\">\n\t\t\t\t<h3 class=\"elementor-post__title\">\n\t\t\t<a href=\"http:\/\/stephaniesczepanek.de\/en\/upcoming-workshops\/\" >\n\t\t\t\tJust a good story?\t\t\t<\/a>\n\t\t<\/h3>\n\t\t\t\t<div class=\"elementor-post__meta-data\">\n\t\t\t\t\t<span class=\"elementor-post-date\">\n\t\t\t4. August 2022\t\t<\/span>\n\t\t\t\t<span class=\"elementor-post-avatar\">\n\t\t\tNo Comments\t\t<\/span>\n\t\t\t\t<\/div>\n\t\t\t\t<div class=\"elementor-post__excerpt\">\n\t\t\t<p>8. September bis 11. September 2022<\/p>\n<p>Ein kollektives Projekt in Zusammenarbeit mit dem Kunstmuseum Ahlen<\/p>\n<p>Just a good story?<\/p>\n<p>Wir suchen zun\u00e4chst eine Vielzahl \u00f6ffentlicher Orte des t\u00e4glichen Lebens in der Stadt Ahlen aus und auf und verbringen dort gemeinsam Zeit. Je nach Situation entstehen Gespr\u00e4che, Interventionen, Aktionen und Handlungen, die eines gemeinsam haben: WIR H\u00d6REN ZU; WIR H\u00d6REN HIN.<\/p>\n\t\t<\/div>\n\t\t\n\t\t<a class=\"elementor-post__read-more\" href=\"http:\/\/stephaniesczepanek.de\/en\/upcoming-workshops\/\" aria-label=\"Read more about Just a good story?\" tabindex=\"-1\" >\n\t\t\tWeiterlesen \u00bb\t\t<\/a>\n\n\t\t\t\t<\/div>\n\t\t\t\t<\/article>\n\t\t\t\t<article class=\"elementor-post elementor-grid-item post-1176 post type-post status-publish format-standard has-post-thumbnail hentry category-archiv\" role=\"listitem\">\n\t\t\t\t<div class=\"elementor-post__text\">\n\t\t\t\t<h3 class=\"elementor-post__title\">\n\t\t\t<a href=\"http:\/\/stephaniesczepanek.de\/en\/oberunterflaechen\/\" >\n\t\t\t\toberunterfl\u00e4chen\t\t\t<\/a>\n\t\t<\/h3>\n\t\t\t\t<div class=\"elementor-post__meta-data\">\n\t\t\t\t\t<span class=\"elementor-post-date\">\n\t\t\t4. August 2022\t\t<\/span>\n\t\t\t\t<span class=\"elementor-post-avatar\">\n\t\t\tNo Comments\t\t<\/span>\n\t\t\t\t<\/div>\n\t\t\t\t<div class=\"elementor-post__excerpt\">\n\t\t\t<p>Fabian Lehmann, Stephanie Sczepanek, Janna Banning<\/p>\n<p>oberunterfl\u00e4chen<\/p>\n<p>26.August bis 18. September<\/p>\n<p>Kunstverein Unna<\/p>\n<p>Die drei Stipendiaten der Kulturstiftung Sparkasse UnnaKamen der Jahre 2020 bis 2022 zeigen in der Ausstellung oberunterfl\u00e4chen im Kunstverein Unna ihre k\u00fcnstlerischen Arbeiten:<\/p>\n\t\t<\/div>\n\t\t\n\t\t<a class=\"elementor-post__read-more\" href=\"http:\/\/stephaniesczepanek.de\/en\/oberunterflaechen\/\" aria-label=\"Read more about oberunterfl\u00e4chen\" tabindex=\"-1\" >\n\t\t\tWeiterlesen \u00bb\t\t<\/a>\n\n\t\t\t\t<\/div>\n\t\t\t\t<\/article>\n\t\t\t\t<\/div>\n\t\t\n\t\t\t\t\t\t<\/div>\n\t\t\t\t<\/div>\n\t\t\t\t\t<\/div>\n\t\t\t\t<\/div>\n\t\t\t\t<section class=\"elementor-section elementor-top-section elementor-element elementor-element-64c3177d elementor-section-height-min-height elementor-section-boxed elementor-section-height-default elementor-section-items-middle\" data-id=\"64c3177d\" data-element_type=\"section\" data-e-type=\"section\" data-settings=\"{&quot;background_background&quot;:&quot;classic&quot;}\">\n\t\t\t\t\t\t<div class=\"elementor-container elementor-column-gap-default\">\n\t\t\t\t\t<div class=\"elementor-column elementor-col-33 elementor-top-column elementor-element elementor-element-59f5b6bc\" data-id=\"59f5b6bc\" data-element_type=\"column\" data-e-type=\"column\">\n\t\t\t<div class=\"elementor-widget-wrap elementor-element-populated\">\n\t\t\t\t\t\t<div class=\"elementor-element elementor-element-2c363018 elementor-icon-list--layout-traditional elementor-list-item-link-full_width elementor-widget elementor-widget-icon-list\" data-id=\"2c363018\" data-element_type=\"widget\" data-e-type=\"widget\" data-widget_type=\"icon-list.default\">\n\t\t\t\t<div class=\"elementor-widget-container\">\n\t\t\t\t\t\t\t<ul class=\"elementor-icon-list-items\">\n\t\t\t\t\t\t\t<li class=\"elementor-icon-list-item\">\n\t\t\t\t\t\t\t\t\t\t<span class=\"elementor-icon-list-text\">Stephanie Sczepanek<\/span>\n\t\t\t\t\t\t\t\t\t<\/li>\n\t\t\t\t\t\t<\/ul>\n\t\t\t\t\t\t<\/div>\n\t\t\t\t<\/div>\n\t\t\t\t\t<\/div>\n\t\t<\/div>\n\t\t\t\t<div class=\"elementor-column elementor-col-33 elementor-top-column elementor-element elementor-element-24379cf0\" data-id=\"24379cf0\" data-element_type=\"column\" data-e-type=\"column\">\n\t\t\t<div class=\"elementor-widget-wrap elementor-element-populated\">\n\t\t\t\t\t\t<div class=\"elementor-element elementor-element-1267ea65 elementor-icon-list--layout-traditional elementor-list-item-link-full_width elementor-widget elementor-widget-global elementor-global-1004 elementor-widget-icon-list\" data-id=\"1267ea65\" data-element_type=\"widget\" data-e-type=\"widget\" data-widget_type=\"icon-list.default\">\n\t\t\t\t<div class=\"elementor-widget-container\">\n\t\t\t\t\t\t\t<ul class=\"elementor-icon-list-items\">\n\t\t\t\t\t\t\t<li class=\"elementor-icon-list-item\">\n\t\t\t\t\t\t\t\t\t\t\t<a href=\"mailto:mail@stephaniesczepanek.de\">\n\n\t\t\t\t\t\t\t\t\t\t\t\t<span class=\"elementor-icon-list-icon\">\n\t\t\t\t\t\t\t<i aria-hidden=\"true\" class=\"far fa-paper-plane\"><\/i>\t\t\t\t\t\t<\/span>\n\t\t\t\t\t\t\t\t\t\t<span class=\"elementor-icon-list-text\">Kontakt<\/span>\n\t\t\t\t\t\t\t\t\t\t\t<\/a>\n\t\t\t\t\t\t\t\t\t<\/li>\n\t\t\t\t\t\t\t\t<li class=\"elementor-icon-list-item\">\n\t\t\t\t\t\t\t\t\t\t<span class=\"elementor-icon-list-text\">studio stephanie sczepanek<br> Hafenweg 28 <br>Atelier 4.7 <br>48155 M\u00fcnster<\/span>\n\t\t\t\t\t\t\t\t\t<\/li>\n\t\t\t\t\t\t<\/ul>\n\t\t\t\t\t\t<\/div>\n\t\t\t\t<\/div>\n\t\t\t\t\t<\/div>\n\t\t<\/div>\n\t\t\t\t<div class=\"elementor-column elementor-col-33 elementor-top-column elementor-element elementor-element-1d052f6c\" data-id=\"1d052f6c\" data-element_type=\"column\" data-e-type=\"column\">\n\t\t\t<div class=\"elementor-widget-wrap elementor-element-populated\">\n\t\t\t\t\t\t<div class=\"elementor-element elementor-element-50ecf49e elementor-icon-list--layout-traditional elementor-list-item-link-full_width elementor-widget elementor-widget-icon-list\" data-id=\"50ecf49e\" data-element_type=\"widget\" data-e-type=\"widget\" data-widget_type=\"icon-list.default\">\n\t\t\t\t<div class=\"elementor-widget-container\">\n\t\t\t\t\t\t\t<ul class=\"elementor-icon-list-items\">\n\t\t\t\t\t\t\t<li class=\"elementor-icon-list-item\">\n\t\t\t\t\t\t\t\t\t\t\t<a href=\"http:\/\/stephaniesczepanek.de\/datenschutz\/\">\n\n\t\t\t\t\t\t\t\t\t\t\t<span class=\"elementor-icon-list-text\">Datenschutz<\/span>\n\t\t\t\t\t\t\t\t\t\t\t<\/a>\n\t\t\t\t\t\t\t\t\t<\/li>\n\t\t\t\t\t\t\t\t<li class=\"elementor-icon-list-item\">\n\t\t\t\t\t\t\t\t\t\t\t<a href=\"http:\/\/stephaniesczepanek.de\/impressum\/\">\n\n\t\t\t\t\t\t\t\t\t\t\t<span class=\"elementor-icon-list-text\">Impressum<\/span>\n\t\t\t\t\t\t\t\t\t\t\t<\/a>\n\t\t\t\t\t\t\t\t\t<\/li>\n\t\t\t\t\t\t<\/ul>\n\t\t\t\t\t\t<\/div>\n\t\t\t\t<\/div>\n\t\t\t\t\t<\/div>\n\t\t<\/div>\n\t\t\t\t\t<\/div>\n\t\t<\/section>\n\t\t\t\t<\/div>\n\t\t","protected":false},"excerpt":{"rendered":"<p>stephanie sczepanek ARCHIV Stephanie Sczepanek Kontakt Studio Stephanie Sczepanek Warendorfer Stra\u00dfe 14 48145 M\u00fcnster Datenschutz Impressum<\/p>","protected":false},"author":1,"featured_media":0,"parent":0,"menu_order":0,"comment_status":"closed","ping_status":"closed","template":"elementor_canvas","meta":{"footnotes":""},"class_list":["post-1520","page","type-page","status-publish","hentry"],"yoast_head":"<!-- This site is optimized with the Yoast SEO plugin v27.4 - https:\/\/yoast.com\/product\/yoast-seo-wordpress\/ -->\n<title>Archiv - Stephanie Sczepanek<\/title>\n<meta name=\"robots\" content=\"index, follow, max-snippet:-1, max-image-preview:large, max-video-preview:-1\" \/>\n<link rel=\"canonical\" href=\"http:\/\/stephaniesczepanek.de\/en\/archive\/\" \/>\n<meta property=\"og:locale\" content=\"en_US\" \/>\n<meta property=\"og:type\" content=\"article\" \/>\n<meta property=\"og:title\" content=\"Archiv - Stephanie Sczepanek\" \/>\n<meta property=\"og:description\" content=\"stephanie sczepanek ARCHIV Stephanie Sczepanek Kontakt Studio Stephanie Sczepanek Warendorfer Stra\u00dfe 14 48145 M\u00fcnster Datenschutz Impressum\" \/>\n<meta property=\"og:url\" content=\"http:\/\/stephaniesczepanek.de\/en\/archive\/\" \/>\n<meta property=\"og:site_name\" content=\"Stephanie Sczepanek\" \/>\n<meta property=\"article:modified_time\" content=\"2023-01-09T19:11:55+00:00\" \/>\n<meta name=\"twitter:card\" content=\"summary_large_image\" \/>\n<script type=\"application\/ld+json\" class=\"yoast-schema-graph\">{\"@context\":\"https:\\\/\\\/schema.org\",\"@graph\":[{\"@type\":\"WebPage\",\"@id\":\"http:\\\/\\\/stephaniesczepanek.de\\\/archive\\\/\",\"url\":\"http:\\\/\\\/stephaniesczepanek.de\\\/archive\\\/\",\"name\":\"Archiv - Stephanie Sczepanek\",\"isPartOf\":{\"@id\":\"http:\\\/\\\/stephaniesczepanek.de\\\/#website\"},\"datePublished\":\"2022-12-29T19:41:27+00:00\",\"dateModified\":\"2023-01-09T19:11:55+00:00\",\"breadcrumb\":{\"@id\":\"http:\\\/\\\/stephaniesczepanek.de\\\/archive\\\/#breadcrumb\"},\"inLanguage\":\"en-US\",\"potentialAction\":[{\"@type\":\"ReadAction\",\"target\":[\"http:\\\/\\\/stephaniesczepanek.de\\\/archive\\\/\"]}]},{\"@type\":\"BreadcrumbList\",\"@id\":\"http:\\\/\\\/stephaniesczepanek.de\\\/archive\\\/#breadcrumb\",\"itemListElement\":[{\"@type\":\"ListItem\",\"position\":1,\"name\":\"Startseite\",\"item\":\"http:\\\/\\\/stephaniesczepanek.de\\\/\"},{\"@type\":\"ListItem\",\"position\":2,\"name\":\"Archiv\"}]},{\"@type\":\"WebSite\",\"@id\":\"http:\\\/\\\/stephaniesczepanek.de\\\/#website\",\"url\":\"http:\\\/\\\/stephaniesczepanek.de\\\/\",\"name\":\"Stephanie Sczepanek\",\"description\":\"Kunst | Kunstvermittlung | Ver\u00f6ffentlichungen\",\"publisher\":{\"@id\":\"http:\\\/\\\/stephaniesczepanek.de\\\/#\\\/schema\\\/person\\\/e9ccf4bee3497ec70afae40311f0873b\"},\"potentialAction\":[{\"@type\":\"SearchAction\",\"target\":{\"@type\":\"EntryPoint\",\"urlTemplate\":\"http:\\\/\\\/stephaniesczepanek.de\\\/?s={search_term_string}\"},\"query-input\":{\"@type\":\"PropertyValueSpecification\",\"valueRequired\":true,\"valueName\":\"search_term_string\"}}],\"inLanguage\":\"en-US\"},{\"@type\":[\"Person\",\"Organization\"],\"@id\":\"http:\\\/\\\/stephaniesczepanek.de\\\/#\\\/schema\\\/person\\\/e9ccf4bee3497ec70afae40311f0873b\",\"name\":\"Stefka\",\"image\":{\"@type\":\"ImageObject\",\"inLanguage\":\"en-US\",\"@id\":\"http:\\\/\\\/stephaniesczepanek.de\\\/wp-content\\\/uploads\\\/2020\\\/08\\\/1.jpg\",\"url\":\"http:\\\/\\\/stephaniesczepanek.de\\\/wp-content\\\/uploads\\\/2020\\\/08\\\/1.jpg\",\"contentUrl\":\"http:\\\/\\\/stephaniesczepanek.de\\\/wp-content\\\/uploads\\\/2020\\\/08\\\/1.jpg\",\"width\":1600,\"height\":951,\"caption\":\"Stefka\"},\"logo\":{\"@id\":\"http:\\\/\\\/stephaniesczepanek.de\\\/wp-content\\\/uploads\\\/2020\\\/08\\\/1.jpg\"},\"sameAs\":[\"http:\\\/\\\/wp1170313.server-he.de\\\/stephaniesczepanek2020\",\"https:\\\/\\\/www.instagram.com\\\/stephanie_sczepanek\\\/\",\"https:\\\/\\\/consent.youtube.com\\\/m?continue=httpswww.youtube.comchannelUC6UJgQoSu0JMCgWfJagIqSQcbrd1&gl=DE&m=0&pc=yt&hl=de&src=1\"]}]}<\/script>\n<!-- \/ Yoast SEO plugin. -->","yoast_head_json":{"title":"Archiv - Stephanie Sczepanek","robots":{"index":"index","follow":"follow","max-snippet":"max-snippet:-1","max-image-preview":"max-image-preview:large","max-video-preview":"max-video-preview:-1"},"canonical":"http:\/\/stephaniesczepanek.de\/en\/archive\/","og_locale":"en_US","og_type":"article","og_title":"Archiv - Stephanie Sczepanek","og_description":"stephanie sczepanek ARCHIV Stephanie Sczepanek Kontakt Studio Stephanie Sczepanek Warendorfer Stra\u00dfe 14 48145 M\u00fcnster Datenschutz Impressum","og_url":"http:\/\/stephaniesczepanek.de\/en\/archive\/","og_site_name":"Stephanie Sczepanek","article_modified_time":"2023-01-09T19:11:55+00:00","twitter_card":"summary_large_image","schema":{"@context":"https:\/\/schema.org","@graph":[{"@type":"WebPage","@id":"http:\/\/stephaniesczepanek.de\/archive\/","url":"http:\/\/stephaniesczepanek.de\/archive\/","name":"Archiv - Stephanie Sczepanek","isPartOf":{"@id":"http:\/\/stephaniesczepanek.de\/#website"},"datePublished":"2022-12-29T19:41:27+00:00","dateModified":"2023-01-09T19:11:55+00:00","breadcrumb":{"@id":"http:\/\/stephaniesczepanek.de\/archive\/#breadcrumb"},"inLanguage":"en-US","potentialAction":[{"@type":"ReadAction","target":["http:\/\/stephaniesczepanek.de\/archive\/"]}]},{"@type":"BreadcrumbList","@id":"http:\/\/stephaniesczepanek.de\/archive\/#breadcrumb","itemListElement":[{"@type":"ListItem","position":1,"name":"Startseite","item":"http:\/\/stephaniesczepanek.de\/"},{"@type":"ListItem","position":2,"name":"Archiv"}]},{"@type":"WebSite","@id":"http:\/\/stephaniesczepanek.de\/#website","url":"http:\/\/stephaniesczepanek.de\/","name":"Stephanie Sczepanek","description":"Kunst | Kunstvermittlung | Ver\u00f6ffentlichungen","publisher":{"@id":"http:\/\/stephaniesczepanek.de\/#\/schema\/person\/e9ccf4bee3497ec70afae40311f0873b"},"potentialAction":[{"@type":"SearchAction","target":{"@type":"EntryPoint","urlTemplate":"http:\/\/stephaniesczepanek.de\/?s={search_term_string}"},"query-input":{"@type":"PropertyValueSpecification","valueRequired":true,"valueName":"search_term_string"}}],"inLanguage":"en-US"},{"@type":["Person","Organization"],"@id":"http:\/\/stephaniesczepanek.de\/#\/schema\/person\/e9ccf4bee3497ec70afae40311f0873b","name":"Stefka","image":{"@type":"ImageObject","inLanguage":"en-US","@id":"http:\/\/stephaniesczepanek.de\/wp-content\/uploads\/2020\/08\/1.jpg","url":"http:\/\/stephaniesczepanek.de\/wp-content\/uploads\/2020\/08\/1.jpg","contentUrl":"http:\/\/stephaniesczepanek.de\/wp-content\/uploads\/2020\/08\/1.jpg","width":1600,"height":951,"caption":"Stefka"},"logo":{"@id":"http:\/\/stephaniesczepanek.de\/wp-content\/uploads\/2020\/08\/1.jpg"},"sameAs":["http:\/\/wp1170313.server-he.de\/stephaniesczepanek2020","https:\/\/www.instagram.com\/stephanie_sczepanek\/","https:\/\/consent.youtube.com\/m?continue=httpswww.youtube.comchannelUC6UJgQoSu0JMCgWfJagIqSQcbrd1&gl=DE&m=0&pc=yt&hl=de&src=1"]}]}},"_links":{"self":[{"href":"http:\/\/stephaniesczepanek.de\/en\/wp-json\/wp\/v2\/pages\/1520","targetHints":{"allow":["GET"]}}],"collection":[{"href":"http:\/\/stephaniesczepanek.de\/en\/wp-json\/wp\/v2\/pages"}],"about":[{"href":"http:\/\/stephaniesczepanek.de\/en\/wp-json\/wp\/v2\/types\/page"}],"author":[{"embeddable":true,"href":"http:\/\/stephaniesczepanek.de\/en\/wp-json\/wp\/v2\/users\/1"}],"replies":[{"embeddable":true,"href":"http:\/\/stephaniesczepanek.de\/en\/wp-json\/wp\/v2\/comments?post=1520"}],"version-history":[{"count":3,"href":"http:\/\/stephaniesczepanek.de\/en\/wp-json\/wp\/v2\/pages\/1520\/revisions"}],"predecessor-version":[{"id":1700,"href":"http:\/\/stephaniesczepanek.de\/en\/wp-json\/wp\/v2\/pages\/1520\/revisions\/1700"}],"wp:attachment":[{"href":"http:\/\/stephaniesczepanek.de\/en\/wp-json\/wp\/v2\/media?parent=1520"}],"curies":[{"name":"wp","href":"https:\/\/api.w.org\/{rel}","templated":true}]}}